{"id":286371,"date":"2024-09-10T15:30:46","date_gmt":"2024-09-10T13:30:46","guid":{"rendered":"https:\/\/pistal.eu\/privacyverklaring\/"},"modified":"2025-03-25T15:30:01","modified_gmt":"2025-03-25T14:30:01","slug":"politique-de-confidentialite","status":"publish","type":"page","link":"https:\/\/pistal.eu\/fr\/politique-de-confidentialite\/","title":{"rendered":"Politique de confidentialit\u00e9"},"content":{"rendered":"<p>[et_pb_section fb_built=\u00a0\u00bb1&Prime; custom_padding_last_edited=\u00a0\u00bbon|phone\u00a0\u00bb _builder_version=\u00a0\u00bb4.27.0&Prime; _module_preset=\u00a0\u00bbdefault\u00a0\u00bb background_enable_image=\u00a0\u00bboff\u00a0\u00bb background_size=\u00a0\u00bbinitial\u00a0\u00bb background_position=\u00a0\u00bbbottom_left\u00a0\u00bb custom_padding=\u00a0\u00bb140px||6px||false|false\u00a0\u00bb custom_padding_tablet=\u00a0\u00bb\u00a0\u00bb custom_padding_phone=\u00a0\u00bb80px||||false|false\u00a0\u00bb global_colors_info=\u00a0\u00bb{}\u00a0\u00bb theme_builder_area=\u00a0\u00bbpost_content\u00a0\u00bb][et_pb_row _builder_version=\u00a0\u00bb4.27.0&Prime; _module_preset=\u00a0\u00bbdefault\u00a0\u00bb global_colors_info=\u00a0\u00bb{}\u00a0\u00bb theme_builder_area=\u00a0\u00bbpost_content\u00a0\u00bb][et_pb_column type=\u00a0\u00bb4_4&Prime; _builder_version=\u00a0\u00bb4.27.0&Prime; _module_preset=\u00a0\u00bbdefault\u00a0\u00bb global_colors_info=\u00a0\u00bb{}\u00a0\u00bb theme_builder_area=\u00a0\u00bbpost_content\u00a0\u00bb][et_pb_text _builder_version=\u00a0\u00bb4.27.4&Prime; _module_preset=\u00a0\u00bbdefault\u00a0\u00bb text_font=\u00a0\u00bb|300|||||||\u00a0\u00bb text_text_color=\u00a0\u00bb#000000&Prime; header_2_font=\u00a0\u00bb|300||on|||||\u00a0\u00bb header_2_text_align=\u00a0\u00bbleft\u00a0\u00bb header_2_font_size=\u00a0\u00bb48px\u00a0\u00bb header_3_font_size=\u00a0\u00bb30px\u00a0\u00bb header_2_font_size_tablet=\u00a0\u00bb48px\u00a0\u00bb header_2_font_size_phone=\u00a0\u00bb30px\u00a0\u00bb header_2_font_size_last_edited=\u00a0\u00bbon|phone\u00a0\u00bb header_3_font_size_tablet=\u00a0\u00bb30px\u00a0\u00bb header_3_font_size_phone=\u00a0\u00bb25px\u00a0\u00bb header_3_font_size_last_edited=\u00a0\u00bbon|phone\u00a0\u00bb global_colors_info=\u00a0\u00bb{}\u00a0\u00bb theme_builder_area=\u00a0\u00bbpost_content\u00a0\u00bb]<\/p>\n<h3>1. De quoi avons-nous besoin ?<\/h3>\n<p>Notre politique de protection des donn\u00e9es personnelles r\u00e9git l\u2019utilisation et le stockage de vos donn\u00e9es. Vous pouvez acc\u00e9der \u00e0 notre politique de protection des donn\u00e9es personnelles \u00e0 l\u2019adresse suivante : [https:\/\/www.oystershell.com\/en\/privacy-notice].<\/p>\n<p>Oystershell utilise vos donn\u00e9es conform\u00e9ment au R\u00e8glement UE 2016\/679 du Parlement europ\u00e9en et du Conseil du 27 avril 2016 relatif \u00e0 la protection des personnes physiques \u00e0 l\u2019\u00e9gard du traitement des donn\u00e9es \u00e0 caract\u00e8re personnel et \u00e0 la libre circulation de ces donn\u00e9es, et abrogeant la directive 95\/46\/CE.<\/p>\n<p>Oystershell est le responsable du traitement des donn\u00e9es personnelles que vous nous fournissez. Nous recueillons aupr\u00e8s de vous les types de donn\u00e9es \u00e0 caract\u00e8re personnel suivants :<\/p>\n<p>\u2013 nom et pr\u00e9nom<br \/>\u2013 sexe<br \/>\u2013 adresse \u00e9lectronique<br \/>\u2013 donn\u00e9es d\u2019adresse<br \/>\u2013 num\u00e9ro de t\u00e9l\u00e9phone<br \/>\u2013 adresse IP<br \/>\u2013 donn\u00e9es de paiement<br \/>\u2013 num\u00e9ro de client<br \/>\u2013 historique des achats<br \/>\u2013 comportement de clic en ligne<\/p>\n<h3>2. Pourquoi avons-nous besoin de ces donn\u00e9es personnelles ?<\/h3>\n<p>We hebben uw persoonsgegevens nodig om u de volgende diensten te kunnen aanbieden:<br \/>Nous avons besoin de vos donn\u00e9es personnelles pour vous fournir les services suivants :<\/p>\n<ul>\n<li>l\u2019achat de produits sur le site web et l\u2019utilisation des fonctions du site web ;<\/li>\n<li>le traitement de votre commande et la fourniture d\u2019informations sur l\u2019\u00e9tat d\u2019avancement de celle-ci vous envoyer des messages personnalis\u00e9s avec votre consentement, notamment en fonction de vos centres d\u2019int\u00e9r\u00eat et de l\u2019historique de vos achats (en ligne et hors ligne). Nous vous donnons plus d\u2019informations \u00e0 ce sujet dans la section \u00ab profilage \u00bb ;<\/li>\n<li>le traitement de la participation \u00e9ventuelle \u00e0 des concours, des ateliers, des promotions et autres ;<\/li>\n<li>r\u00e9pondre aux questions pos\u00e9es via le site web, par exemple ;<\/li>\n<li>l\u2019am\u00e9lioration de nos services en ligne et hors ligne.<\/li>\n<\/ul>\n<h3>3. Que faisons-nous avec ces donn\u00e9es ?<\/h3>\n<p>Vos donn\u00e9es personnelles sont trait\u00e9es \u00e0 Merelbeke, en Belgique. Vos donn\u00e9es sont h\u00e9berg\u00e9es et stock\u00e9es \u00e0 Merelbeke, en Belgique.<\/p>\n<p>Aucun fournisseur tiers n\u2019a acc\u00e8s \u00e0 vos donn\u00e9es, sauf si la loi l\u2019exige express\u00e9ment.<\/p>\n<h3>4. Combien de temps les conservons-nous ?<\/h3>\n<p>La plupart des informations concernant nos clients sont conserv\u00e9es pendant 10 ans apr\u00e8s un opt-out ou apr\u00e8s la fin de la relation contractuelle. Cette p\u00e9riode est n\u00e9cessaire pour assurer l\u2019exercice de nos droits l\u00e9gaux ou pour nous d\u00e9fendre contre des r\u00e9clamations l\u00e9gales. Apr\u00e8s cette p\u00e9riode, vos donn\u00e9es personnelles seront irr\u00e9vocablement d\u00e9truites. Toutes les donn\u00e9es personnelles que nous d\u00e9tenons \u00e0 des fins de marketing et de notifications de mise \u00e0 jour des services seront conserv\u00e9es jusqu\u2019\u00e0 ce que vous nous informiez que vous ne souhaitez plus recevoir ces informations.<\/p>\n<p>Veuillez consulter [<a href=\"https:\/\/www.oystershell.com\/en\/data-retention-policy\" target=\"_blank\" rel=\"noopener\">https:\/\/www.oystershell.com\/en\/data-retention-policy<\/a>] pour plus d\u2019informations sur notre calendrier de conservation des donn\u00e9es \u00e0 caract\u00e8re personnel.<\/p>\n<h3>5. Quels sont vos droits ?<\/h3>\n<p>Si vous estimez que les donn\u00e9es \u00e0 caract\u00e8re personnel que nous d\u00e9tenons \u00e0 votre sujet sont inexactes ou incompl\u00e8tes, vous avez le droit de demander l\u2019acc\u00e8s \u00e0 ces informations, leur rectification ou leur effacement. Veuillez nous contacter \u00e0 l\u2019adresse suivante : [Formulaire de demande d\u2019inspection de la personne concern\u00e9e] (disponible sur demande \u00e0 l\u2019adresse GDPR@oystershell.com).<\/p>\n<p>Si vous souhaitez d\u00e9poser une plainte concernant la mani\u00e8re dont nous avons trait\u00e9 vos donn\u00e9es \u00e0 caract\u00e8re personnel, veuillez contacter le d\u00e9l\u00e9gu\u00e9 \u00e0 la protection des donn\u00e9es \u00e0 l\u2019adresse gdpr@oystershell.com ou par lettre \u00e0 Nijverheidsweg 10 \u2013 B -9820 MERELBEKE. Notre d\u00e9l\u00e9gu\u00e9 \u00e0 la protection des donn\u00e9es examinera votre plainte et cherchera avec vous une solution au probl\u00e8me.<\/p>\n<p>Si vous pensez toujours que vos donn\u00e9es personnelles n\u2019ont pas \u00e9t\u00e9 trait\u00e9es correctement au regard de la loi, vous pouvez contacter <a href=\"https:\/\/www.privacycommission.be\" target=\"_blank\" rel=\"noopener\">https:\/\/www.privacycommission.be<\/a> et d\u00e9poser une plainte aupr\u00e8s de cet organisme.<\/p>\n<p>Traduit avec www.DeepL.com\/Translator (version gratuite)<\/p>\n<p>[\/et_pb_text][\/et_pb_column][\/et_pb_row][\/et_pb_section]<\/p>\n","protected":false},"excerpt":{"rendered":"<p>1. De quoi avons-nous besoin ? Notre politique de protection des donn\u00e9es personnelles r\u00e9git l\u2019utilisation et le stockage de vos donn\u00e9es. Vous pouvez acc\u00e9der \u00e0 notre politique de protection des donn\u00e9es personnelles \u00e0 l\u2019adresse suivante : [https:\/\/www.oystershell.com\/en\/privacy-notice]. Oystershell utilise vos donn\u00e9es conform\u00e9ment au R\u00e8glement UE 2016\/679 du Parlement europ\u00e9en et du Conseil du 27 avril [&hellip;]<\/p>\n","protected":false},"author":1,"featured_media":0,"parent":0,"menu_order":0,"comment_status":"closed","ping_status":"closed","template":"","meta":{"_et_pb_use_builder":"on","_et_pb_old_content":"","_et_gb_content_width":"","footnotes":""},"class_list":["post-286371","page","type-page","status-publish","hentry"],"yoast_head":"<!-- This site is optimized with the Yoast SEO plugin v27.4 - https:\/\/yoast.com\/product\/yoast-seo-wordpress\/ -->\n<title>Politique de confidentialit\u00e9 - Pistal<\/title>\n<meta name=\"robots\" content=\"index, follow, max-snippet:-1, max-image-preview:large, max-video-preview:-1\" \/>\n<link rel=\"canonical\" href=\"https:\/\/pistal.eu\/fr\/politique-de-confidentialite\/\" \/>\n<meta property=\"og:locale\" content=\"fr_FR\" \/>\n<meta property=\"og:type\" content=\"article\" \/>\n<meta property=\"og:title\" content=\"Politique de confidentialit\u00e9 - Pistal\" \/>\n<meta property=\"og:description\" content=\"1. De quoi avons-nous besoin ? Notre politique de protection des donn\u00e9es personnelles r\u00e9git l\u2019utilisation et le stockage de vos donn\u00e9es. Vous pouvez acc\u00e9der \u00e0 notre politique de protection des donn\u00e9es personnelles \u00e0 l\u2019adresse suivante : [https:\/\/www.oystershell.com\/en\/privacy-notice]. Oystershell utilise vos donn\u00e9es conform\u00e9ment au R\u00e8glement UE 2016\/679 du Parlement europ\u00e9en et du Conseil du 27 avril [&hellip;]\" \/>\n<meta property=\"og:url\" content=\"https:\/\/pistal.eu\/fr\/politique-de-confidentialite\/\" \/>\n<meta property=\"og:site_name\" content=\"Pistal\" \/>\n<meta property=\"article:modified_time\" content=\"2025-03-25T14:30:01+00:00\" \/>\n<meta name=\"twitter:card\" content=\"summary_large_image\" \/>\n<meta name=\"twitter:label1\" content=\"Dur\u00e9e de lecture estim\u00e9e\" \/>\n\t<meta name=\"twitter:data1\" content=\"3 minutes\" \/>\n<script type=\"application\/ld+json\" class=\"yoast-schema-graph\">{\"@context\":\"https:\\\/\\\/schema.org\",\"@graph\":[{\"@type\":\"WebPage\",\"@id\":\"https:\\\/\\\/pistal.eu\\\/fr\\\/politique-de-confidentialite\\\/\",\"url\":\"https:\\\/\\\/pistal.eu\\\/fr\\\/politique-de-confidentialite\\\/\",\"name\":\"Politique de confidentialit\u00e9 - Pistal\",\"isPartOf\":{\"@id\":\"https:\\\/\\\/pistal.eu\\\/#website\"},\"datePublished\":\"2024-09-10T13:30:46+00:00\",\"dateModified\":\"2025-03-25T14:30:01+00:00\",\"breadcrumb\":{\"@id\":\"https:\\\/\\\/pistal.eu\\\/fr\\\/politique-de-confidentialite\\\/#breadcrumb\"},\"inLanguage\":\"fr-FR\",\"potentialAction\":[{\"@type\":\"ReadAction\",\"target\":[\"https:\\\/\\\/pistal.eu\\\/fr\\\/politique-de-confidentialite\\\/\"]}]},{\"@type\":\"BreadcrumbList\",\"@id\":\"https:\\\/\\\/pistal.eu\\\/fr\\\/politique-de-confidentialite\\\/#breadcrumb\",\"itemListElement\":[{\"@type\":\"ListItem\",\"position\":1,\"name\":\"Accueil\",\"item\":\"https:\\\/\\\/pistal.eu\\\/fr\\\/\"},{\"@type\":\"ListItem\",\"position\":2,\"name\":\"Politique de confidentialit\u00e9\"}]},{\"@type\":\"WebSite\",\"@id\":\"https:\\\/\\\/pistal.eu\\\/#website\",\"url\":\"https:\\\/\\\/pistal.eu\\\/\",\"name\":\"Pistal\",\"description\":\"De oplossing tegen insecten en luchtvervuiling binnenshuis op basis van natuurlijke ingredi\u00ebnten\",\"publisher\":{\"@id\":\"https:\\\/\\\/pistal.eu\\\/#organization\"},\"potentialAction\":[{\"@type\":\"SearchAction\",\"target\":{\"@type\":\"EntryPoint\",\"urlTemplate\":\"https:\\\/\\\/pistal.eu\\\/?s={search_term_string}\"},\"query-input\":{\"@type\":\"PropertyValueSpecification\",\"valueRequired\":true,\"valueName\":\"search_term_string\"}}],\"inLanguage\":\"fr-FR\"},{\"@type\":\"Organization\",\"@id\":\"https:\\\/\\\/pistal.eu\\\/#organization\",\"name\":\"Pistal\",\"url\":\"https:\\\/\\\/pistal.eu\\\/\",\"logo\":{\"@type\":\"ImageObject\",\"inLanguage\":\"fr-FR\",\"@id\":\"https:\\\/\\\/pistal.eu\\\/#\\\/schema\\\/logo\\\/image\\\/\",\"url\":\"https:\\\/\\\/pistal.eu\\\/wp-content\\\/uploads\\\/2024\\\/09\\\/xlogo.png.pagespeed.ic_.1BiTicxL-j.png\",\"contentUrl\":\"https:\\\/\\\/pistal.eu\\\/wp-content\\\/uploads\\\/2024\\\/09\\\/xlogo.png.pagespeed.ic_.1BiTicxL-j.png\",\"width\":126,\"height\":126,\"caption\":\"Pistal\"},\"image\":{\"@id\":\"https:\\\/\\\/pistal.eu\\\/#\\\/schema\\\/logo\\\/image\\\/\"}}]}<\/script>\n<!-- \/ Yoast SEO plugin. -->","yoast_head_json":{"title":"Politique de confidentialit\u00e9 - Pistal","robots":{"index":"index","follow":"follow","max-snippet":"max-snippet:-1","max-image-preview":"max-image-preview:large","max-video-preview":"max-video-preview:-1"},"canonical":"https:\/\/pistal.eu\/fr\/politique-de-confidentialite\/","og_locale":"fr_FR","og_type":"article","og_title":"Politique de confidentialit\u00e9 - Pistal","og_description":"1. De quoi avons-nous besoin ? Notre politique de protection des donn\u00e9es personnelles r\u00e9git l\u2019utilisation et le stockage de vos donn\u00e9es. Vous pouvez acc\u00e9der \u00e0 notre politique de protection des donn\u00e9es personnelles \u00e0 l\u2019adresse suivante : [https:\/\/www.oystershell.com\/en\/privacy-notice]. Oystershell utilise vos donn\u00e9es conform\u00e9ment au R\u00e8glement UE 2016\/679 du Parlement europ\u00e9en et du Conseil du 27 avril [&hellip;]","og_url":"https:\/\/pistal.eu\/fr\/politique-de-confidentialite\/","og_site_name":"Pistal","article_modified_time":"2025-03-25T14:30:01+00:00","twitter_card":"summary_large_image","twitter_misc":{"Dur\u00e9e de lecture estim\u00e9e":"3 minutes"},"schema":{"@context":"https:\/\/schema.org","@graph":[{"@type":"WebPage","@id":"https:\/\/pistal.eu\/fr\/politique-de-confidentialite\/","url":"https:\/\/pistal.eu\/fr\/politique-de-confidentialite\/","name":"Politique de confidentialit\u00e9 - Pistal","isPartOf":{"@id":"https:\/\/pistal.eu\/#website"},"datePublished":"2024-09-10T13:30:46+00:00","dateModified":"2025-03-25T14:30:01+00:00","breadcrumb":{"@id":"https:\/\/pistal.eu\/fr\/politique-de-confidentialite\/#breadcrumb"},"inLanguage":"fr-FR","potentialAction":[{"@type":"ReadAction","target":["https:\/\/pistal.eu\/fr\/politique-de-confidentialite\/"]}]},{"@type":"BreadcrumbList","@id":"https:\/\/pistal.eu\/fr\/politique-de-confidentialite\/#breadcrumb","itemListElement":[{"@type":"ListItem","position":1,"name":"Accueil","item":"https:\/\/pistal.eu\/fr\/"},{"@type":"ListItem","position":2,"name":"Politique de confidentialit\u00e9"}]},{"@type":"WebSite","@id":"https:\/\/pistal.eu\/#website","url":"https:\/\/pistal.eu\/","name":"Pistal","description":"De oplossing tegen insecten en luchtvervuiling binnenshuis op basis van natuurlijke ingredi\u00ebnten","publisher":{"@id":"https:\/\/pistal.eu\/#organization"},"potentialAction":[{"@type":"SearchAction","target":{"@type":"EntryPoint","urlTemplate":"https:\/\/pistal.eu\/?s={search_term_string}"},"query-input":{"@type":"PropertyValueSpecification","valueRequired":true,"valueName":"search_term_string"}}],"inLanguage":"fr-FR"},{"@type":"Organization","@id":"https:\/\/pistal.eu\/#organization","name":"Pistal","url":"https:\/\/pistal.eu\/","logo":{"@type":"ImageObject","inLanguage":"fr-FR","@id":"https:\/\/pistal.eu\/#\/schema\/logo\/image\/","url":"https:\/\/pistal.eu\/wp-content\/uploads\/2024\/09\/xlogo.png.pagespeed.ic_.1BiTicxL-j.png","contentUrl":"https:\/\/pistal.eu\/wp-content\/uploads\/2024\/09\/xlogo.png.pagespeed.ic_.1BiTicxL-j.png","width":126,"height":126,"caption":"Pistal"},"image":{"@id":"https:\/\/pistal.eu\/#\/schema\/logo\/image\/"}}]}},"_links":{"self":[{"href":"https:\/\/pistal.eu\/fr\/wp-json\/wp\/v2\/pages\/286371","targetHints":{"allow":["GET"]}}],"collection":[{"href":"https:\/\/pistal.eu\/fr\/wp-json\/wp\/v2\/pages"}],"about":[{"href":"https:\/\/pistal.eu\/fr\/wp-json\/wp\/v2\/types\/page"}],"author":[{"embeddable":true,"href":"https:\/\/pistal.eu\/fr\/wp-json\/wp\/v2\/users\/1"}],"replies":[{"embeddable":true,"href":"https:\/\/pistal.eu\/fr\/wp-json\/wp\/v2\/comments?post=286371"}],"version-history":[{"count":2,"href":"https:\/\/pistal.eu\/fr\/wp-json\/wp\/v2\/pages\/286371\/revisions"}],"predecessor-version":[{"id":286373,"href":"https:\/\/pistal.eu\/fr\/wp-json\/wp\/v2\/pages\/286371\/revisions\/286373"}],"wp:attachment":[{"href":"https:\/\/pistal.eu\/fr\/wp-json\/wp\/v2\/media?parent=286371"}],"curies":[{"name":"wp","href":"https:\/\/api.w.org\/{rel}","templated":true}]}}