{"id":286272,"date":"2024-09-10T14:27:37","date_gmt":"2024-09-10T12:27:37","guid":{"rendered":"https:\/\/pistal.eu\/contact\/"},"modified":"2025-04-11T13:35:49","modified_gmt":"2025-04-11T11:35:49","slug":"contact","status":"publish","type":"page","link":"https:\/\/pistal.eu\/fr\/contact\/","title":{"rendered":"Contact"},"content":{"rendered":"<p>[et_pb_section fb_built=\u00a0\u00bb1&Prime; custom_padding_last_edited=\u00a0\u00bbon|phone\u00a0\u00bb _builder_version=\u00a0\u00bb4.27.0&Prime; _module_preset=\u00a0\u00bbdefault\u00a0\u00bb background_enable_image=\u00a0\u00bboff\u00a0\u00bb background_size=\u00a0\u00bbinitial\u00a0\u00bb background_position=\u00a0\u00bbbottom_left\u00a0\u00bb custom_padding=\u00a0\u00bb140px||6px||false|false\u00a0\u00bb custom_padding_tablet=\u00a0\u00bb\u00a0\u00bb custom_padding_phone=\u00a0\u00bb80px||||false|false\u00a0\u00bb global_colors_info=\u00a0\u00bb{}\u00a0\u00bb][et_pb_row _builder_version=\u00a0\u00bb4.27.2&Prime; _module_preset=\u00a0\u00bbdefault\u00a0\u00bb custom_padding=\u00a0\u00bb14px||||false|false\u00a0\u00bb global_colors_info=\u00a0\u00bb{}\u00a0\u00bb][et_pb_column type=\u00a0\u00bb4_4&Prime; _builder_version=\u00a0\u00bb4.27.0&Prime; _module_preset=\u00a0\u00bbdefault\u00a0\u00bb global_colors_info=\u00a0\u00bb{}\u00a0\u00bb][et_pb_text _builder_version=\u00a0\u00bb4.27.2&Prime; _module_preset=\u00a0\u00bbdefault\u00a0\u00bb text_font=\u00a0\u00bb||||||||\u00a0\u00bb text_text_color=\u00a0\u00bbgcid-heading-color\u00a0\u00bb header_text_align=\u00a0\u00bbcenter\u00a0\u00bb header_2_font=\u00a0\u00bb|300||on|||||\u00a0\u00bb header_2_text_align=\u00a0\u00bbcenter\u00a0\u00bb header_2_font_size=\u00a0\u00bb48px\u00a0\u00bb text_orientation=\u00a0\u00bbcenter\u00a0\u00bb text_font_size_tablet=\u00a0\u00bb\u00a0\u00bb text_font_size_phone=\u00a0\u00bb\u00a0\u00bb text_font_size_last_edited=\u00a0\u00bbon|desktop\u00a0\u00bb header_text_align_tablet=\u00a0\u00bbcenter\u00a0\u00bb header_text_align_phone=\u00a0\u00bbcenter\u00a0\u00bb header_text_align_last_edited=\u00a0\u00bbon|desktop\u00a0\u00bb header_font_size_tablet=\u00a0\u00bb\u00a0\u00bb header_font_size_phone=\u00a0\u00bb\u00a0\u00bb header_font_size_last_edited=\u00a0\u00bbon|desktop\u00a0\u00bb header_2_font_size_tablet=\u00a0\u00bb48px\u00a0\u00bb header_2_font_size_phone=\u00a0\u00bb30px\u00a0\u00bb header_2_font_size_last_edited=\u00a0\u00bbon|phone\u00a0\u00bb text_orientation_tablet=\u00a0\u00bbcenter\u00a0\u00bb text_orientation_phone=\u00a0\u00bbleft\u00a0\u00bb text_orientation_last_edited=\u00a0\u00bbon|phone\u00a0\u00bb global_colors_info=\u00a0\u00bb{%22gcid-heading-color%22:%91%22text_text_color%22%93}\u00a0\u00bb]<\/p>\n<h1>NOUS CONTACTER<\/h1>\n<p><strong>N\u2019h\u00e9sitez pas \u00e0 nous contacter, nous vous r\u00e9pondrons dans les plus brefs d\u00e9lais<\/strong><\/p>\n<p>[\/et_pb_text][\/et_pb_column][\/et_pb_row][et_pb_row _builder_version=\u00a0\u00bb4.27.2&Prime; _module_preset=\u00a0\u00bbdefault\u00a0\u00bb width_tablet=\u00a0\u00bb80%\u00a0\u00bb width_phone=\u00a0\u00bb87%\u00a0\u00bb width_last_edited=\u00a0\u00bbon|phone\u00a0\u00bb custom_padding=\u00a0\u00bb35px|20px|35px|20px|false|false\u00a0\u00bb border_radii=\u00a0\u00bbon|20px|20px|20px|20px\u00a0\u00bb box_shadow_style=\u00a0\u00bbpreset1&Prime; global_colors_info=\u00a0\u00bb{}\u00a0\u00bb][et_pb_column type=\u00a0\u00bb4_4&Prime; _builder_version=\u00a0\u00bb4.27.0&Prime; _module_preset=\u00a0\u00bbdefault\u00a0\u00bb global_colors_info=\u00a0\u00bb{}\u00a0\u00bb][dsm_contact_form_7 cf7_library=\u00a0\u00bb537&Prime; label_bottom_spacing=\u00a0\u00bb9px\u00a0\u00bb button_alignment=\u00a0\u00bbcenter\u00a0\u00bb input_background_color=\u00a0\u00bb#FFFFFF\u00a0\u00bb _builder_version=\u00a0\u00bb4.27.2&Prime; _module_preset=\u00a0\u00bbdefault\u00a0\u00bb labels_text_color=\u00a0\u00bb#000000&Prime; input_textarea_select_text_color=\u00a0\u00bb#000000&Prime; radio_checkbox_font_size=\u00a0\u00bb13px\u00a0\u00bb custom_button_one=\u00a0\u00bbon\u00a0\u00bb button_one_text_size=\u00a0\u00bb18px\u00a0\u00bb button_one_text_color=\u00a0\u00bb#FFFFFF\u00a0\u00bb button_one_bg_color=\u00a0\u00bbgcid-heading-color\u00a0\u00bb button_one_border_width=\u00a0\u00bb0px\u00a0\u00bb button_one_border_radius=\u00a0\u00bb9px\u00a0\u00bb button_one_font=\u00a0\u00bb|||on|||||\u00a0\u00bb button_one_use_icon=\u00a0\u00bboff\u00a0\u00bb button_one_custom_padding=\u00a0\u00bb||||false|false\u00a0\u00bb custom_margin=\u00a0\u00bb8px|||||\u00a0\u00bb labels_font_size_tablet=\u00a0\u00bb\u00a0\u00bb labels_font_size_phone=\u00a0\u00bb\u00a0\u00bb labels_font_size_last_edited=\u00a0\u00bbon|phone\u00a0\u00bb input_textarea_select_font_size_tablet=\u00a0\u00bb\u00a0\u00bb input_textarea_select_font_size_phone=\u00a0\u00bb\u00a0\u00bb input_textarea_select_font_size_last_edited=\u00a0\u00bbon|desktop\u00a0\u00bb button_one_text_size_tablet=\u00a0\u00bb18px\u00a0\u00bb button_one_text_size_phone=\u00a0\u00bb17px\u00a0\u00bb button_one_text_size_last_edited=\u00a0\u00bbon|phone\u00a0\u00bb border_width_all_image=\u00a0\u00bb1px\u00a0\u00bb border_color_all_image=\u00a0\u00bb#000000&Prime; global_colors_info=\u00a0\u00bb{%22gcid-heading-color%22:%91%22button_one_bg_color%22%93}\u00a0\u00bb][\/dsm_contact_form_7][\/et_pb_column][\/et_pb_row][et_pb_row _builder_version=\u00a0\u00bb4.27.2&Prime; _module_preset=\u00a0\u00bbdefault\u00a0\u00bb width_tablet=\u00a0\u00bb80%\u00a0\u00bb width_phone=\u00a0\u00bb87%\u00a0\u00bb width_last_edited=\u00a0\u00bboff|desktop\u00a0\u00bb custom_margin=\u00a0\u00bb||||false|false\u00a0\u00bb custom_padding=\u00a0\u00bb48px|20px|34px|20px|false|false\u00a0\u00bb global_colors_info=\u00a0\u00bb{}\u00a0\u00bb][et_pb_column type=\u00a0\u00bb4_4&Prime; _builder_version=\u00a0\u00bb4.27.0&Prime; _module_preset=\u00a0\u00bbdefault\u00a0\u00bb global_colors_info=\u00a0\u00bb{}\u00a0\u00bb][et_pb_social_media_follow use_icon_font_size=\u00a0\u00bbon\u00a0\u00bb icon_font_size=\u00a0\u00bb20px\u00a0\u00bb _builder_version=\u00a0\u00bb4.27.2&Prime; _module_preset=\u00a0\u00bbdefault\u00a0\u00bb text_orientation=\u00a0\u00bbcenter\u00a0\u00bb custom_margin=\u00a0\u00bb||40px||false|false\u00a0\u00bb global_colors_info=\u00a0\u00bb{}\u00a0\u00bb][et_pb_social_media_follow_network social_network=\u00a0\u00bbinstagram\u00a0\u00bb url=\u00a0\u00bbhttps:\/\/www.instagram.com\/pistal.europe\/\u00a0\u00bb _builder_version=\u00a0\u00bb4.27.0&Prime; _module_preset=\u00a0\u00bbdefault\u00a0\u00bb background_color=\u00a0\u00bbgcid-heading-color\u00a0\u00bb background_enable_color=\u00a0\u00bbon\u00a0\u00bb global_colors_info=\u00a0\u00bb{%22gcid-heading-color%22:%91%22background_color%22%93}\u00a0\u00bb follow_button=\u00a0\u00bboff\u00a0\u00bb url_new_window=\u00a0\u00bbon\u00a0\u00bb]instagram[\/et_pb_social_media_follow_network][et_pb_social_media_follow_network social_network=\u00a0\u00bbfacebook\u00a0\u00bb url=\u00a0\u00bbhttps:\/\/www.facebook.com\/pistal.europe\/\u00a0\u00bb _builder_version=\u00a0\u00bb4.27.0&Prime; _module_preset=\u00a0\u00bbdefault\u00a0\u00bb background_color=\u00a0\u00bbgcid-heading-color\u00a0\u00bb background_enable_color=\u00a0\u00bbon\u00a0\u00bb global_colors_info=\u00a0\u00bb{%22gcid-heading-color%22:%91%22background_color%22%93}\u00a0\u00bb follow_button=\u00a0\u00bboff\u00a0\u00bb url_new_window=\u00a0\u00bbon\u00a0\u00bb]facebook[\/et_pb_social_media_follow_network][\/et_pb_social_media_follow][\/et_pb_column][\/et_pb_row][\/et_pb_section]<\/p>\n","protected":false},"excerpt":{"rendered":"<p>NOUS CONTACTER N\u2019h\u00e9sitez pas \u00e0 nous contacter, nous vous r\u00e9pondrons dans les plus brefs d\u00e9lais<div class=\"et_pb_with_border et_pb_module dsm_contact_form_7 dsm_contact_form_7_0\">\n\t\t\t\t\n\t\t\t\t\n\t\t\t\t\n\t\t\t\t\n\t\t\t\t\n\t\t\t\t\n\t\t\t\t<div class=\"et_pb_module_inner\">\n\t\t\t\t\t<div class=\"\">\n\t\t\t\t\n<div class=\"wpcf7 no-js\" id=\"wpcf7-f286340-o1\" lang=\"fr-FR\" dir=\"ltr\" data-wpcf7-id=\"286340\">\n<div class=\"screen-reader-response\"><p role=\"status\" aria-live=\"polite\" aria-atomic=\"true\"><\/p> <ul><\/ul><\/div>\n<form action=\"\/fr\/wp-json\/wp\/v2\/pages\/286272#wpcf7-f286340-o1\" method=\"post\" class=\"wpcf7-form init\" aria-label=\"Formulaire de contact\" novalidate=\"novalidate\" data-status=\"init\">\n<fieldset class=\"hidden-fields-container\"><input type=\"hidden\" name=\"_wpcf7\" value=\"286340\" \/><input type=\"hidden\" name=\"_wpcf7_version\" value=\"6.1.5\" \/><input type=\"hidden\" name=\"_wpcf7_locale\" value=\"fr_FR\" \/><input type=\"hidden\" name=\"_wpcf7_unit_tag\" value=\"wpcf7-f286340-o1\" \/><input type=\"hidden\" name=\"_wpcf7_container_post\" value=\"0\" \/><input type=\"hidden\" name=\"_wpcf7_posted_data_hash\" value=\"\" \/><input type=\"hidden\" name=\"_wpcf7cf_hidden_group_fields\" value=\"[]\" \/><input type=\"hidden\" name=\"_wpcf7cf_hidden_groups\" value=\"[]\" \/><input type=\"hidden\" name=\"_wpcf7cf_visible_groups\" value=\"[]\" \/><input type=\"hidden\" name=\"_wpcf7cf_repeaters\" value=\"[]\" \/><input type=\"hidden\" name=\"_wpcf7cf_steps\" value=\"{}\" \/><input type=\"hidden\" name=\"_wpcf7cf_options\" value=\"{&quot;form_id&quot;:286340,&quot;conditions&quot;:[],&quot;settings&quot;:{&quot;animation&quot;:&quot;yes&quot;,&quot;animation_intime&quot;:200,&quot;animation_outtime&quot;:200,&quot;conditions_ui&quot;:&quot;normal&quot;,&quot;notice_dismissed&quot;:false}}\" \/><input type=\"hidden\" name=\"_wpcf7_recaptcha_response\" value=\"\" \/>\n<\/fieldset>\n<p><span class=\"wpcf7-form-control-wrap\" data-name=\"your-name\"><input size=\"40\" maxlength=\"400\" class=\"wpcf7-form-control wpcf7-text wpcf7-validates-as-required\" aria-required=\"true\" aria-invalid=\"false\" placeholder=\"Pr\u00e9nom*\" value=\"\" type=\"text\" name=\"your-name\" \/><\/span>\n<\/p>\n<p><span class=\"wpcf7-form-control-wrap\" data-name=\"last-name\"><input size=\"40\" maxlength=\"400\" class=\"wpcf7-form-control wpcf7-text wpcf7-validates-as-required\" aria-required=\"true\" aria-invalid=\"false\" placeholder=\"Nom*\" value=\"\" type=\"text\" name=\"last-name\" \/><\/span>\n<\/p>\n<p><span class=\"wpcf7-form-control-wrap\" data-name=\"your-email\"><input size=\"40\" maxlength=\"400\" class=\"wpcf7-form-control wpcf7-email wpcf7-validates-as-required wpcf7-text wpcf7-validates-as-email\" aria-required=\"true\" aria-invalid=\"false\" placeholder=\"E-mail*\" value=\"\" type=\"email\" name=\"your-email\" \/><\/span>\n<\/p>\n<p><span class=\"wpcf7-form-control-wrap\" data-name=\"message\"><textarea cols=\"40\" rows=\"10\" maxlength=\"2000\" class=\"wpcf7-form-control wpcf7-textarea wpcf7-validates-as-required\" aria-required=\"true\" aria-invalid=\"false\" placeholder=\"Votre message*\" name=\"message\"><\/textarea><\/span>\n<\/p>\n<p><span class=\"wpcf7-form-control-wrap\" data-name=\"checkbox-216\"><span class=\"wpcf7-form-control wpcf7-checkbox wpcf7-validates-as-required\"><span class=\"wpcf7-list-item first last\"><label><input type=\"checkbox\" name=\"checkbox-216[]\" value=\"J\u2019autorise Pistal \u00e0 utiliser ces informations pour me contacter*\" \/><span class=\"wpcf7-list-item-label\">J\u2019autorise Pistal \u00e0 utiliser ces informations pour me contacter*<\/span><\/label><\/span><\/span><\/span>\n<\/p>\n<p><button class=\"wpcf7-form-control wpcf7-submit has-spinner et_pb_button et_pb_bg_layout_light\" type=\"submit\" value=\"Envoyer\">Envoyer<\/button>\n<\/p><div class=\"wpcf7-response-output\" aria-hidden=\"true\"><\/div>\n<\/form>\n<\/div>\n\n\t\t\t<\/div>\n\t\t\t\t<\/div>\n\t\t\t<\/div><\/p>\n","protected":false},"author":1,"featured_media":286824,"parent":0,"menu_order":0,"comment_status":"closed","ping_status":"closed","template":"","meta":{"_et_pb_use_builder":"on","_et_pb_old_content":"","_et_gb_content_width":"","footnotes":""},"class_list":["post-286272","page","type-page","status-publish","has-post-thumbnail","hentry"],"yoast_head":"<!-- This site is optimized with the Yoast SEO plugin v27.4 - https:\/\/yoast.com\/product\/yoast-seo-wordpress\/ -->\n<title>Contactez-nous | Pistal<\/title>\n<meta name=\"description\" content=\"Pistal est \u00e0 votre \u00e9coute ! Pour nous contacter, remplissez notre formulaire. Nous reviendrons vers vous dans les plus brefs d\u00e9lais.\" \/>\n<meta name=\"robots\" content=\"index, follow, max-snippet:-1, max-image-preview:large, max-video-preview:-1\" \/>\n<link rel=\"canonical\" href=\"https:\/\/pistal.eu\/fr\/contact\/\" \/>\n<meta property=\"og:locale\" content=\"fr_FR\" \/>\n<meta property=\"og:type\" content=\"article\" \/>\n<meta property=\"og:title\" content=\"Contactez-nous | Pistal\" \/>\n<meta property=\"og:description\" content=\"Pistal est \u00e0 votre \u00e9coute ! Pour nous contacter, remplissez notre formulaire. Nous reviendrons vers vous dans les plus brefs d\u00e9lais.\" \/>\n<meta property=\"og:url\" content=\"https:\/\/pistal.eu\/fr\/contact\/\" \/>\n<meta property=\"og:site_name\" content=\"Pistal\" \/>\n<meta property=\"article:modified_time\" content=\"2025-04-11T11:35:49+00:00\" \/>\n<meta property=\"og:image\" content=\"https:\/\/pistal.eu\/wp-content\/uploads\/2025\/04\/Preview-3.png\" \/>\n\t<meta property=\"og:image:width\" content=\"1200\" \/>\n\t<meta property=\"og:image:height\" content=\"630\" \/>\n\t<meta property=\"og:image:type\" content=\"image\/png\" \/>\n<meta name=\"twitter:card\" content=\"summary_large_image\" \/>\n<meta name=\"twitter:label1\" content=\"Dur\u00e9e de lecture estim\u00e9e\" \/>\n\t<meta name=\"twitter:data1\" content=\"1 minute\" \/>\n<script type=\"application\/ld+json\" class=\"yoast-schema-graph\">{\"@context\":\"https:\\\/\\\/schema.org\",\"@graph\":[{\"@type\":\"WebPage\",\"@id\":\"https:\\\/\\\/pistal.eu\\\/fr\\\/contact\\\/\",\"url\":\"https:\\\/\\\/pistal.eu\\\/fr\\\/contact\\\/\",\"name\":\"Contactez-nous | Pistal\",\"isPartOf\":{\"@id\":\"https:\\\/\\\/pistal.eu\\\/#website\"},\"primaryImageOfPage\":{\"@id\":\"https:\\\/\\\/pistal.eu\\\/fr\\\/contact\\\/#primaryimage\"},\"image\":{\"@id\":\"https:\\\/\\\/pistal.eu\\\/fr\\\/contact\\\/#primaryimage\"},\"thumbnailUrl\":\"https:\\\/\\\/pistal.eu\\\/wp-content\\\/uploads\\\/2025\\\/04\\\/Preview-3.png\",\"datePublished\":\"2024-09-10T12:27:37+00:00\",\"dateModified\":\"2025-04-11T11:35:49+00:00\",\"description\":\"Pistal est \u00e0 votre \u00e9coute ! Pour nous contacter, remplissez notre formulaire. Nous reviendrons vers vous dans les plus brefs d\u00e9lais.\",\"breadcrumb\":{\"@id\":\"https:\\\/\\\/pistal.eu\\\/fr\\\/contact\\\/#breadcrumb\"},\"inLanguage\":\"fr-FR\",\"potentialAction\":[{\"@type\":\"ReadAction\",\"target\":[\"https:\\\/\\\/pistal.eu\\\/fr\\\/contact\\\/\"]}]},{\"@type\":\"ImageObject\",\"inLanguage\":\"fr-FR\",\"@id\":\"https:\\\/\\\/pistal.eu\\\/fr\\\/contact\\\/#primaryimage\",\"url\":\"https:\\\/\\\/pistal.eu\\\/wp-content\\\/uploads\\\/2025\\\/04\\\/Preview-3.png\",\"contentUrl\":\"https:\\\/\\\/pistal.eu\\\/wp-content\\\/uploads\\\/2025\\\/04\\\/Preview-3.png\",\"width\":1200,\"height\":630},{\"@type\":\"BreadcrumbList\",\"@id\":\"https:\\\/\\\/pistal.eu\\\/fr\\\/contact\\\/#breadcrumb\",\"itemListElement\":[{\"@type\":\"ListItem\",\"position\":1,\"name\":\"Accueil\",\"item\":\"https:\\\/\\\/pistal.eu\\\/fr\\\/\"},{\"@type\":\"ListItem\",\"position\":2,\"name\":\"Contact\"}]},{\"@type\":\"WebSite\",\"@id\":\"https:\\\/\\\/pistal.eu\\\/#website\",\"url\":\"https:\\\/\\\/pistal.eu\\\/\",\"name\":\"Pistal\",\"description\":\"De oplossing tegen insecten en luchtvervuiling binnenshuis op basis van natuurlijke ingredi\u00ebnten\",\"publisher\":{\"@id\":\"https:\\\/\\\/pistal.eu\\\/#organization\"},\"potentialAction\":[{\"@type\":\"SearchAction\",\"target\":{\"@type\":\"EntryPoint\",\"urlTemplate\":\"https:\\\/\\\/pistal.eu\\\/?s={search_term_string}\"},\"query-input\":{\"@type\":\"PropertyValueSpecification\",\"valueRequired\":true,\"valueName\":\"search_term_string\"}}],\"inLanguage\":\"fr-FR\"},{\"@type\":\"Organization\",\"@id\":\"https:\\\/\\\/pistal.eu\\\/#organization\",\"name\":\"Pistal\",\"url\":\"https:\\\/\\\/pistal.eu\\\/\",\"logo\":{\"@type\":\"ImageObject\",\"inLanguage\":\"fr-FR\",\"@id\":\"https:\\\/\\\/pistal.eu\\\/#\\\/schema\\\/logo\\\/image\\\/\",\"url\":\"https:\\\/\\\/pistal.eu\\\/wp-content\\\/uploads\\\/2024\\\/09\\\/xlogo.png.pagespeed.ic_.1BiTicxL-j.png\",\"contentUrl\":\"https:\\\/\\\/pistal.eu\\\/wp-content\\\/uploads\\\/2024\\\/09\\\/xlogo.png.pagespeed.ic_.1BiTicxL-j.png\",\"width\":126,\"height\":126,\"caption\":\"Pistal\"},\"image\":{\"@id\":\"https:\\\/\\\/pistal.eu\\\/#\\\/schema\\\/logo\\\/image\\\/\"}}]}<\/script>\n<!-- \/ Yoast SEO plugin. -->","yoast_head_json":{"title":"Contactez-nous | Pistal","description":"Pistal est \u00e0 votre \u00e9coute ! Pour nous contacter, remplissez notre formulaire. Nous reviendrons vers vous dans les plus brefs d\u00e9lais.","robots":{"index":"index","follow":"follow","max-snippet":"max-snippet:-1","max-image-preview":"max-image-preview:large","max-video-preview":"max-video-preview:-1"},"canonical":"https:\/\/pistal.eu\/fr\/contact\/","og_locale":"fr_FR","og_type":"article","og_title":"Contactez-nous | Pistal","og_description":"Pistal est \u00e0 votre \u00e9coute ! Pour nous contacter, remplissez notre formulaire. Nous reviendrons vers vous dans les plus brefs d\u00e9lais.","og_url":"https:\/\/pistal.eu\/fr\/contact\/","og_site_name":"Pistal","article_modified_time":"2025-04-11T11:35:49+00:00","og_image":[{"width":1200,"height":630,"url":"https:\/\/pistal.eu\/wp-content\/uploads\/2025\/04\/Preview-3.png","type":"image\/png"}],"twitter_card":"summary_large_image","twitter_misc":{"Dur\u00e9e de lecture estim\u00e9e":"1 minute"},"schema":{"@context":"https:\/\/schema.org","@graph":[{"@type":"WebPage","@id":"https:\/\/pistal.eu\/fr\/contact\/","url":"https:\/\/pistal.eu\/fr\/contact\/","name":"Contactez-nous | Pistal","isPartOf":{"@id":"https:\/\/pistal.eu\/#website"},"primaryImageOfPage":{"@id":"https:\/\/pistal.eu\/fr\/contact\/#primaryimage"},"image":{"@id":"https:\/\/pistal.eu\/fr\/contact\/#primaryimage"},"thumbnailUrl":"https:\/\/pistal.eu\/wp-content\/uploads\/2025\/04\/Preview-3.png","datePublished":"2024-09-10T12:27:37+00:00","dateModified":"2025-04-11T11:35:49+00:00","description":"Pistal est \u00e0 votre \u00e9coute ! Pour nous contacter, remplissez notre formulaire. Nous reviendrons vers vous dans les plus brefs d\u00e9lais.","breadcrumb":{"@id":"https:\/\/pistal.eu\/fr\/contact\/#breadcrumb"},"inLanguage":"fr-FR","potentialAction":[{"@type":"ReadAction","target":["https:\/\/pistal.eu\/fr\/contact\/"]}]},{"@type":"ImageObject","inLanguage":"fr-FR","@id":"https:\/\/pistal.eu\/fr\/contact\/#primaryimage","url":"https:\/\/pistal.eu\/wp-content\/uploads\/2025\/04\/Preview-3.png","contentUrl":"https:\/\/pistal.eu\/wp-content\/uploads\/2025\/04\/Preview-3.png","width":1200,"height":630},{"@type":"BreadcrumbList","@id":"https:\/\/pistal.eu\/fr\/contact\/#breadcrumb","itemListElement":[{"@type":"ListItem","position":1,"name":"Accueil","item":"https:\/\/pistal.eu\/fr\/"},{"@type":"ListItem","position":2,"name":"Contact"}]},{"@type":"WebSite","@id":"https:\/\/pistal.eu\/#website","url":"https:\/\/pistal.eu\/","name":"Pistal","description":"De oplossing tegen insecten en luchtvervuiling binnenshuis op basis van natuurlijke ingredi\u00ebnten","publisher":{"@id":"https:\/\/pistal.eu\/#organization"},"potentialAction":[{"@type":"SearchAction","target":{"@type":"EntryPoint","urlTemplate":"https:\/\/pistal.eu\/?s={search_term_string}"},"query-input":{"@type":"PropertyValueSpecification","valueRequired":true,"valueName":"search_term_string"}}],"inLanguage":"fr-FR"},{"@type":"Organization","@id":"https:\/\/pistal.eu\/#organization","name":"Pistal","url":"https:\/\/pistal.eu\/","logo":{"@type":"ImageObject","inLanguage":"fr-FR","@id":"https:\/\/pistal.eu\/#\/schema\/logo\/image\/","url":"https:\/\/pistal.eu\/wp-content\/uploads\/2024\/09\/xlogo.png.pagespeed.ic_.1BiTicxL-j.png","contentUrl":"https:\/\/pistal.eu\/wp-content\/uploads\/2024\/09\/xlogo.png.pagespeed.ic_.1BiTicxL-j.png","width":126,"height":126,"caption":"Pistal"},"image":{"@id":"https:\/\/pistal.eu\/#\/schema\/logo\/image\/"}}]}},"_links":{"self":[{"href":"https:\/\/pistal.eu\/fr\/wp-json\/wp\/v2\/pages\/286272","targetHints":{"allow":["GET"]}}],"collection":[{"href":"https:\/\/pistal.eu\/fr\/wp-json\/wp\/v2\/pages"}],"about":[{"href":"https:\/\/pistal.eu\/fr\/wp-json\/wp\/v2\/types\/page"}],"author":[{"embeddable":true,"href":"https:\/\/pistal.eu\/fr\/wp-json\/wp\/v2\/users\/1"}],"replies":[{"embeddable":true,"href":"https:\/\/pistal.eu\/fr\/wp-json\/wp\/v2\/comments?post=286272"}],"version-history":[{"count":2,"href":"https:\/\/pistal.eu\/fr\/wp-json\/wp\/v2\/pages\/286272\/revisions"}],"predecessor-version":[{"id":286837,"href":"https:\/\/pistal.eu\/fr\/wp-json\/wp\/v2\/pages\/286272\/revisions\/286837"}],"wp:featuredmedia":[{"embeddable":true,"href":"https:\/\/pistal.eu\/fr\/wp-json\/wp\/v2\/media\/286824"}],"wp:attachment":[{"href":"https:\/\/pistal.eu\/fr\/wp-json\/wp\/v2\/media?parent=286272"}],"curies":[{"name":"wp","href":"https:\/\/api.w.org\/{rel}","templated":true}]}}