{"id":289603,"date":"2026-03-31T10:13:32","date_gmt":"2026-03-31T08:13:32","guid":{"rendered":"https:\/\/pistal.eu\/creme-piqures-dinsectes-pistal\/"},"modified":"2026-04-22T10:45:30","modified_gmt":"2026-04-22T08:45:30","slug":"pistal-creme-piqures-insectes","status":"publish","type":"page","link":"https:\/\/pistal.eu\/fr-be\/pistal-creme-piqures-insectes\/","title":{"rendered":"CR\u00c8ME PIQ\u00dbRES D\u2019INSECTES PISTAL"},"content":{"rendered":"<p>[et_pb_section fb_built=\u00a0\u00bb1&Prime; custom_padding_last_edited=\u00a0\u00bbon|tablet\u00a0\u00bb _builder_version=\u00a0\u00bb4.27.0&Prime; _module_preset=\u00a0\u00bbdefault\u00a0\u00bb position_origin_a=\u00a0\u00bbtop_center\u00a0\u00bb custom_padding=\u00a0\u00bb0px||2px||false|false\u00a0\u00bb custom_padding_tablet=\u00a0\u00bb80px||||false|false\u00a0\u00bb custom_padding_phone=\u00a0\u00bb80px||||false|false\u00a0\u00bb global_colors_info=\u00a0\u00bb{}\u00a0\u00bb][et_pb_row column_structure=\u00a0\u00bb1_2,1_2&Prime; _builder_version=\u00a0\u00bb4.27.0&Prime; _module_preset=\u00a0\u00bbdefault\u00a0\u00bb width=\u00a0\u00bb100%\u00a0\u00bb max_width=\u00a0\u00bb100%\u00a0\u00bb custom_padding=\u00a0\u00bb0px||3px||false|false\u00a0\u00bb global_colors_info=\u00a0\u00bb{}\u00a0\u00bb][et_pb_column type=\u00a0\u00bb1_2&Prime; _builder_version=\u00a0\u00bb4.27.0&Prime; _module_preset=\u00a0\u00bbdefault\u00a0\u00bb global_colors_info=\u00a0\u00bb{}\u00a0\u00bb][et_pb_image src=\u00a0\u00bbhttps:\/\/pistal.eu\/wp-content\/uploads\/2026\/03\/header-Pistal-creme-appaisante.png\u00a0\u00bb alt=\u00a0\u00bbPistal Cr\u00e8me Piq\u00fbres d&rsquo;Insectes apaise les d\u00e9mangeaisons et r\u00e9duit les rougeurs.\u00a0\u00bb src_tablet=\u00a0\u00bbhttps:\/\/pistal.eu\/wp-content\/uploads\/2026\/03\/home-crem-NL.png\u00a0\u00bb src_phone=\u00a0\u00bbhttps:\/\/pistal.eu\/wp-content\/uploads\/2026\/04\/header-creme-mobile-2026-NL.png\u00a0\u00bb src_last_edited=\u00a0\u00bbon|phone\u00a0\u00bb align_tablet=\u00a0\u00bbcenter\u00a0\u00bb align_phone=\u00a0\u00bbcenter\u00a0\u00bb align_last_edited=\u00a0\u00bbon|tablet\u00a0\u00bb _builder_version=\u00a0\u00bb4.27.6&Prime; _module_preset=\u00a0\u00bbdefault\u00a0\u00bb width=\u00a0\u00bb100%\u00a0\u00bb width_tablet=\u00a0\u00bb80%\u00a0\u00bb width_phone=\u00a0\u00bb100%\u00a0\u00bb width_last_edited=\u00a0\u00bbon|phone\u00a0\u00bb module_alignment_tablet=\u00a0\u00bbleft\u00a0\u00bb module_alignment_phone=\u00a0\u00bbleft\u00a0\u00bb module_alignment_last_edited=\u00a0\u00bbon|tablet\u00a0\u00bb global_colors_info=\u00a0\u00bb{}\u00a0\u00bb][\/et_pb_image][\/et_pb_column][et_pb_column type=\u00a0\u00bb1_2&Prime; _builder_version=\u00a0\u00bb4.27.0&Prime; _module_preset=\u00a0\u00bbdefault\u00a0\u00bb global_colors_info=\u00a0\u00bb{}\u00a0\u00bb][et_pb_text ul_type=\u00a0\u00bbnone\u00a0\u00bb ul_item_indent=\u00a0\u00bb1.6vw\u00a0\u00bb ul_item_indent_tablet=\u00a0\u00bb1.6vw\u00a0\u00bb ul_item_indent_phone=\u00a0\u00bb26px\u00a0\u00bb ul_item_indent_last_edited=\u00a0\u00bbon|desktop\u00a0\u00bb _builder_version=\u00a0\u00bb4.27.6&Prime; _module_preset=\u00a0\u00bbdefault\u00a0\u00bb text_font=\u00a0\u00bb|300|||||||\u00a0\u00bb ul_line_height=\u00a0\u00bb1.5em\u00a0\u00bb header_2_font=\u00a0\u00bb||||||||\u00a0\u00bb header_3_font=\u00a0\u00bb|700|||||||\u00a0\u00bb header_3_font_size=\u00a0\u00bb24px\u00a0\u00bb width=\u00a0\u00bb85%\u00a0\u00bb width_tablet=\u00a0\u00bb100%\u00a0\u00bb width_phone=\u00a0\u00bb98%\u00a0\u00bb width_last_edited=\u00a0\u00bbon|phone\u00a0\u00bb custom_margin=\u00a0\u00bb20vh||17px||false|false\u00a0\u00bb custom_margin_tablet=\u00a0\u00bb5vh||||false|false\u00a0\u00bb custom_margin_phone=\u00a0\u00bb0vh||||false|false\u00a0\u00bb custom_margin_last_edited=\u00a0\u00bbon|tablet\u00a0\u00bb custom_padding_tablet=\u00a0\u00bb|50px||50px|false|false\u00a0\u00bb custom_padding_phone=\u00a0\u00bb|15px||30px|false|false\u00a0\u00bb custom_padding_last_edited=\u00a0\u00bbon|phone\u00a0\u00bb text_font_size_tablet=\u00a0\u00bb\u00a0\u00bb text_font_size_phone=\u00a0\u00bb\u00a0\u00bb text_font_size_last_edited=\u00a0\u00bbon|phone\u00a0\u00bb header_2_font_size_tablet=\u00a0\u00bb\u00a0\u00bb header_2_font_size_phone=\u00a0\u00bb\u00a0\u00bb header_2_font_size_last_edited=\u00a0\u00bbon|phone\u00a0\u00bb header_3_font_size_tablet=\u00a0\u00bb20px\u00a0\u00bb header_3_font_size_phone=\u00a0\u00bb20px\u00a0\u00bb header_3_font_size_last_edited=\u00a0\u00bbon|phone\u00a0\u00bb global_colors_info=\u00a0\u00bb{}\u00a0\u00bb]<\/p>\n<h1>CR\u00c8ME PIQ\u00dbRES D\u2019INSECTES PISTAL<\/h1>\n<h2>POUR APAISER PIQ\u00dbRES ET MORSURES D\u2019INSECTES, D\u00c9MANGEAISONS ET L\u00c9G\u00c8RES AGRESSIONS SOLAIRES <\/h2>\n<ul class=\"coeur\">\n<li>FORMUL\u00c9E AVEC 99,35%* D\u2019INGR\u00c9DIENTS D\u2019ORIGINE NATURELLE : calendula, camomille, beurre de karit\u00e9, menthol et extrait d\u2019avoine<\/li>\n<li>APAISE LES D\u00c9MANGEAISONS et R\u00c9DUIT LES IRRITATIONS et LE GRATTAGE, HYDRATE LA PEAU avec un effet rafraichissant<\/li>\n<li>Convient aux ENFANTS D\u00c8S 6 MOIS, compatible avec la GROSSESSE et L\u2019ALLAITEMENT <\/li>\n<li>APPLICATION HYGI\u00c9NIQUE et \u00c9CONOMIQUE<\/li>\n<li> TEST\u00c9E DERMATOLOGIQUEMENT, adapt\u00e9e aux peaux sensibles et sans parfum ajout\u00e9<\/li>\n<\/ul>\n<p>Contenance 30ml<br \/>\n*0,65% pour la stabilit\u00e9 et la formulation[\/et_pb_text][et_pb_button button_url=\u00a0\u00bbhttps:\/\/pistal.eu\/fr-be\/ou-acheter-pistal\/\u00a0\u00bb button_text=\u00a0\u00bbO\u00d9 ACHETER PISTAL ?\u00a0\u00bb button_alignment=\u00a0\u00bbleft\u00a0\u00bb button_alignment_tablet=\u00a0\u00bbleft\u00a0\u00bb button_alignment_phone=\u00a0\u00bbcenter\u00a0\u00bb button_alignment_last_edited=\u00a0\u00bbon|phone\u00a0\u00bb _builder_version=\u00a0\u00bb4.27.6&Prime; _module_preset=\u00a0\u00bbdefault\u00a0\u00bb custom_button=\u00a0\u00bbon\u00a0\u00bb button_text_size=\u00a0\u00bb18px\u00a0\u00bb button_text_color=\u00a0\u00bb#FFFFFF\u00a0\u00bb button_bg_color=\u00a0\u00bbgcid-heading-color\u00a0\u00bb button_border_width=\u00a0\u00bb2px\u00a0\u00bb button_border_color=\u00a0\u00bbgcid-heading-color\u00a0\u00bb button_border_radius=\u00a0\u00bb9px\u00a0\u00bb button_font=\u00a0\u00bb|||on|||||\u00a0\u00bb button_use_icon=\u00a0\u00bboff\u00a0\u00bb custom_margin=\u00a0\u00bb||40px||false|false\u00a0\u00bb custom_margin_tablet=\u00a0\u00bb||40px|40px|false|false\u00a0\u00bb custom_margin_phone=\u00a0\u00bb|||0px|false|false\u00a0\u00bb custom_margin_last_edited=\u00a0\u00bbon|phone\u00a0\u00bb custom_padding=\u00a0\u00bb||||false|false\u00a0\u00bb button_text_size_tablet=\u00a0\u00bb18px\u00a0\u00bb button_text_size_phone=\u00a0\u00bb17px\u00a0\u00bb button_text_size_last_edited=\u00a0\u00bbon|desktop\u00a0\u00bb global_colors_info=\u00a0\u00bb{%22gcid-heading-color%22:%91%22button_bg_color%22,%22button_border_color%22,%22button_text_color__hover%22%93}\u00a0\u00bb button_bg_color__hover_enabled=\u00a0\u00bbon|hover\u00a0\u00bb button_bg_color__hover=\u00a0\u00bb#FFFFFF\u00a0\u00bb button_bg_enable_color__hover=\u00a0\u00bbon\u00a0\u00bb button_text_color__hover_enabled=\u00a0\u00bbon|desktop\u00a0\u00bb button_text_color__hover=\u00a0\u00bb#42893b\u00a0\u00bb][\/et_pb_button][et_pb_image src=\u00a0\u00bbhttps:\/\/pistal.eu\/wp-content\/uploads\/2026\/04\/groupe-prescription.png\u00a0\u00bb alt=\u00a0\u00bbPistal Insectenbeten Cr\u00e8me verlicht jeuk en vermindert roodheid\u00a0\u00bb _builder_version=\u00a0\u00bb4.27.6&Prime; _module_preset=\u00a0\u00bbdefault\u00a0\u00bb width=\u00a0\u00bb71%\u00a0\u00bb width_tablet=\u00a0\u00bb100%\u00a0\u00bb width_phone=\u00a0\u00bb96%\u00a0\u00bb width_last_edited=\u00a0\u00bbon|phone\u00a0\u00bb custom_margin_tablet=\u00a0\u00bb\u00a0\u00bb custom_margin_phone=\u00a0\u00bb||20px||false|false\u00a0\u00bb custom_margin_last_edited=\u00a0\u00bbon|phone\u00a0\u00bb module_alignment_tablet=\u00a0\u00bb\u00a0\u00bb module_alignment_phone=\u00a0\u00bbcenter\u00a0\u00bb module_alignment_last_edited=\u00a0\u00bbon|phone\u00a0\u00bb global_colors_info=\u00a0\u00bb{}\u00a0\u00bb][\/et_pb_image][\/et_pb_column][\/et_pb_row][\/et_pb_section][et_pb_section fb_built=\u00a0\u00bb1&Prime; _builder_version=\u00a0\u00bb4.27.6&Prime; _module_preset=\u00a0\u00bbdefault\u00a0\u00bb background_image=\u00a0\u00bbhttps:\/\/pistal.eu\/wp-content\/uploads\/2026\/03\/Groupe-405.jpg\u00a0\u00bb height=\u00a0\u00bb50vh\u00a0\u00bb height_tablet=\u00a0\u00bb50vh\u00a0\u00bb height_phone=\u00a0\u00bb150px\u00a0\u00bb height_last_edited=\u00a0\u00bbon|phone\u00a0\u00bb custom_padding=\u00a0\u00bb17px||15px|||\u00a0\u00bb global_colors_info=\u00a0\u00bb{}\u00a0\u00bb][\/et_pb_section][et_pb_section fb_built=\u00a0\u00bb1&Prime; _builder_version=\u00a0\u00bb4.27.2&Prime; _module_preset=\u00a0\u00bbdefault\u00a0\u00bb background_enable_image=\u00a0\u00bboff\u00a0\u00bb background_size=\u00a0\u00bbcontain\u00a0\u00bb background_position=\u00a0\u00bbbottom_right\u00a0\u00bb custom_padding=\u00a0\u00bb22px||14px|||\u00a0\u00bb global_colors_info=\u00a0\u00bb{}\u00a0\u00bb][et_pb_row _builder_version=\u00a0\u00bb4.27.6&Prime; _module_preset=\u00a0\u00bbdefault\u00a0\u00bb custom_padding=\u00a0\u00bb||50px||false|false\u00a0\u00bb global_colors_info=\u00a0\u00bb{}\u00a0\u00bb][et_pb_column type=\u00a0\u00bb4_4&Prime; _builder_version=\u00a0\u00bb4.27.0&Prime; _module_preset=\u00a0\u00bbdefault\u00a0\u00bb global_colors_info=\u00a0\u00bb{}\u00a0\u00bb][et_pb_tabs active_tab_background_color=\u00a0\u00bb#FFFFFF\u00a0\u00bb inactive_tab_background_color=\u00a0\u00bb#78a63c\u00a0\u00bb active_tab_text_color=\u00a0\u00bb#184c01&Prime; _builder_version=\u00a0\u00bb4.27.6&Prime; _module_preset=\u00a0\u00bbdefault\u00a0\u00bb tab_text_color=\u00a0\u00bb#FFFFFF\u00a0\u00bb tab_font=\u00a0\u00bb||||||||\u00a0\u00bb body_font_size_tablet=\u00a0\u00bb\u00a0\u00bb body_font_size_phone=\u00a0\u00bb\u00a0\u00bb body_font_size_last_edited=\u00a0\u00bbon|phone\u00a0\u00bb border_radii=\u00a0\u00bbon|15px|15px|15px|15px\u00a0\u00bb border_color_all=\u00a0\u00bb#BFBFBF\u00a0\u00bb box_shadow_style=\u00a0\u00bbpreset1&Prime; global_colors_info=\u00a0\u00bb{}\u00a0\u00bb][et_pb_tab title=\u00a0\u00bbMode d\u2019action\u00a0\u00bb _builder_version=\u00a0\u00bb4.27.6&Prime; _module_preset=\u00a0\u00bbdefault\u00a0\u00bb global_colors_info=\u00a0\u00bb{}\u00a0\u00bb]<\/p>\n<p>La Cr\u00e8me Piq\u00fbres d\u2019Insectes est apaisante et rafra\u00eechissante pour soulager les d\u00e9mangeaisons, irritations et rougeurs apr\u00e8s des piq\u00fbres de moustiques et d\u2019insectes, des morsures, des agressions solaires l\u00e9g\u00e8res et des irritations cutan\u00e9es.<br \/>\nAide \u00e9galement \u00e0 calmer les d\u00e9mangeaisons et l\u2019inconfort caus\u00e9s par le contact avec les chenilles processionnaires du ch\u00eane, les orties ou les m\u00e9duses.<\/p>\n<p>[\/et_pb_tab][et_pb_tab title=\u00a0\u00bbConseils d&rsquo;utilisation\u00a0\u00bb _builder_version=\u00a0\u00bb4.27.6&Prime; _module_preset=\u00a0\u00bbdefault\u00a0\u00bb global_colors_info=\u00a0\u00bb{}\u00a0\u00bb]<\/p>\n<p>Appliquer g\u00e9n\u00e9reusement plusieurs fois par jour sur la peau irrit\u00e9e. Masser d\u00e9licatement jusqu\u2019\u00e0 absorption compl\u00e8te. Convient pour le visage et le corps.<br \/>\u00c0 conserver \u00e0 temp\u00e9rature ambiante.\u00a0<\/p>\n<p>[\/et_pb_tab][et_pb_tab title=\u00a0\u00bbInstructions\u00a0\u00bb _builder_version=\u00a0\u00bb4.27.6&Prime; _module_preset=\u00a0\u00bbdefault\u00a0\u00bb global_colors_info=\u00a0\u00bb{}\u00a0\u00bb]<\/p>\n<ul>\n<li>Usage externe uniquement. Tenir hors de port\u00e9e des enfants. <\/li>\n<li>\u00c9viter le contact avec les yeux, les muqueuses et la peau l\u00e9s\u00e9e.<\/li>\n<li>Ne pas appliquer sur de grandes surfaces ni couvrir avec un pansement.<\/li>\n<li>Consulter un m\u00e9decin en cas de plaies profondes, morsures d\u2019animaux ou br\u00fblures s\u00e9v\u00e8res.<\/li>\n<li>Arr\u00eater l\u2019utilisation si les sympt\u00f4mes persistent ou s\u2019aggravent.<\/li>\n<li>Retirer la tique ou le dard avant application.<\/li>\n<li>En cas d\u2019ingestion, consulter imm\u00e9diatement un m\u00e9decin.<\/li>\n<\/ul>\n<p>[\/et_pb_tab][et_pb_tab title=\u00a0\u00bbComposition\u00a0\u00bb _builder_version=\u00a0\u00bb4.27.6&Prime; _module_preset=\u00a0\u00bbdefault\u00a0\u00bb global_colors_info=\u00a0\u00bb{}\u00a0\u00bb]<\/p>\n<p>Eau, Glyc\u00e9rine, Alcool arachidique, Beurre de karit\u00e9 (<em>Butyrospermum Parkii<\/em>), Extrait de fleur de camomille (<em>Chamomilla Recutita<\/em>), Extrait de calendula (<em>Calendula Officinalis<\/em>), Alcool myristylique, Alcool b\u00e9h\u00e9nylique, Squalane, Glucoside d\u2019arachidyle, L\u00e9vulinate de sodium, Extrait de noyau d\u2019avoine (<em>Avena Sativa<\/em>), Xylitylglucoside, Xylitol, Anhydroxylitol, Carbom\u00e8re, L-menthol, Glucoside de myristyle, Anisate de sodium, Caprylate de glyc\u00e9ryle, Hydroxyde de sodium, Acide phytique, Tocoph\u00e9rol, Extrait de roseau (<em>Phragmites Communis<\/em>), Extrait de <em>Poria cocos<\/em>, Huile de graine de tournesol (<em>Helianthus Annuus<\/em>), Glucose.<\/p>\n<p>[\/et_pb_tab][\/et_pb_tabs][et_pb_image src=\u00a0\u00bbhttps:\/\/pistal.eu\/wp-content\/uploads\/2024\/09\/xtab-shape1.png.pagespeed.ic_.s_KWqfEeu1.webp\u00a0\u00bb alt=\u00a0\u00bbBulle jaune d\u00e9corative Pistal\u00a0\u00bb align=\u00a0\u00bbright\u00a0\u00bb _builder_version=\u00a0\u00bb4.27.6&Prime; _module_preset=\u00a0\u00bbdefault\u00a0\u00bb positioning=\u00a0\u00bbabsolute\u00a0\u00bb position_origin_a=\u00a0\u00bbtop_right\u00a0\u00bb vertical_offset=\u00a0\u00bb-100px\u00a0\u00bb horizontal_offset=\u00a0\u00bb0px\u00a0\u00bb z_index=\u00a0\u00bb-390&Prime; position_origin_a_tablet=\u00a0\u00bbtop_right\u00a0\u00bb position_origin_a_phone=\u00a0\u00bbtop_right\u00a0\u00bb position_origin_a_last_edited=\u00a0\u00bbon|tablet\u00a0\u00bb position_origin_f_tablet=\u00a0\u00bb\u00a0\u00bb position_origin_f_phone=\u00a0\u00bb\u00a0\u00bb position_origin_f_last_edited=\u00a0\u00bbon|desktop\u00a0\u00bb position_origin_r_tablet=\u00a0\u00bb\u00a0\u00bb position_origin_r_phone=\u00a0\u00bb\u00a0\u00bb position_origin_r_last_edited=\u00a0\u00bbon|desktop\u00a0\u00bb width=\u00a0\u00bb100%\u00a0\u00bb width_tablet=\u00a0\u00bb100%\u00a0\u00bb width_phone=\u00a0\u00bb62%\u00a0\u00bb width_last_edited=\u00a0\u00bbon|phone\u00a0\u00bb overflow-x=\u00a0\u00bbhidden\u00a0\u00bb positioning_tablet=\u00a0\u00bbabsolute\u00a0\u00bb positioning_phone=\u00a0\u00bbabsolute\u00a0\u00bb positioning_last_edited=\u00a0\u00bbon|phone\u00a0\u00bb global_colors_info=\u00a0\u00bb{}\u00a0\u00bb][\/et_pb_image][\/et_pb_column][\/et_pb_row][\/et_pb_section]<\/p>\n","protected":false},"excerpt":{"rendered":"<p>CR\u00c8ME PIQ\u00dbRES D\u2019INSECTES PISTAL POUR APAISER PIQ\u00dbRES ET MORSURES D\u2019INSECTES, D\u00c9MANGEAISONS ET L\u00c9G\u00c8RES AGRESSIONS SOLAIRES FORMUL\u00c9E AVEC 99,35%* D\u2019INGR\u00c9DIENTS D\u2019ORIGINE NATURELLE : calendula, camomille, beurre de karit\u00e9, menthol et extrait d\u2019avoine APAISE LES D\u00c9MANGEAISONS et R\u00c9DUIT LES IRRITATIONS et LE GRATTAGE, HYDRATE LA PEAU avec un effet rafraichissant Convient aux ENFANTS D\u00c8S 6 MOIS, compatible [&hellip;]<\/p>\n","protected":false},"author":1,"featured_media":289623,"parent":0,"menu_order":0,"comment_status":"closed","ping_status":"closed","template":"","meta":{"_et_pb_use_builder":"on","_et_pb_old_content":"","_et_gb_content_width":"","footnotes":""},"class_list":["post-289603","page","type-page","status-publish","has-post-thumbnail","hentry"],"yoast_head":"<!-- This site is optimized with the Yoast SEO plugin v27.4 - https:\/\/yoast.com\/product\/yoast-seo-wordpress\/ -->\n<title>Contre les piq\u00fbres et morsures d&#039;insectes | Cr\u00e8me Piq\u00fbres d&#039;Insectes Pistal<\/title>\n<meta name=\"description\" content=\"La cr\u00e8me Piq\u00fbres d&#039;Insectes Pistal apaise les piq\u00fbres et morsures d&#039;insectes, les d\u00e9mangeaisons et r\u00e9duit les rougeurs.\" \/>\n<meta name=\"robots\" content=\"index, follow, max-snippet:-1, max-image-preview:large, max-video-preview:-1\" \/>\n<link rel=\"canonical\" href=\"https:\/\/pistal.eu\/fr-be\/pistal-creme-piqures-insectes\/\" \/>\n<meta property=\"og:locale\" content=\"fr_FR\" \/>\n<meta property=\"og:type\" content=\"article\" \/>\n<meta property=\"og:title\" content=\"Contre les piq\u00fbres et morsures d&#039;insectes | Cr\u00e8me Piq\u00fbres d&#039;Insectes Pistal\" \/>\n<meta property=\"og:description\" content=\"La cr\u00e8me Piq\u00fbres d&#039;Insectes Pistal apaise les piq\u00fbres et morsures d&#039;insectes, les d\u00e9mangeaisons et r\u00e9duit les rougeurs.\" \/>\n<meta property=\"og:url\" content=\"https:\/\/pistal.eu\/fr-be\/pistal-creme-piqures-insectes\/\" \/>\n<meta property=\"og:site_name\" content=\"Pistal\" \/>\n<meta property=\"article:modified_time\" content=\"2026-04-22T08:45:30+00:00\" \/>\n<meta property=\"og:image\" content=\"https:\/\/pistal.eu\/wp-content\/uploads\/2026\/04\/PREVIEW_URL_APAISANT.jpg\" \/>\n\t<meta property=\"og:image:width\" content=\"1200\" \/>\n\t<meta property=\"og:image:height\" content=\"630\" \/>\n\t<meta property=\"og:image:type\" content=\"image\/jpeg\" \/>\n<meta name=\"twitter:card\" content=\"summary_large_image\" \/>\n<meta name=\"twitter:label1\" content=\"Dur\u00e9e de lecture est.\" \/>\n\t<meta name=\"twitter:data1\" content=\"3 minutes\" \/>\n<script type=\"application\/ld+json\" class=\"yoast-schema-graph\">{\"@context\":\"https:\\\/\\\/schema.org\",\"@graph\":[{\"@type\":\"WebPage\",\"@id\":\"https:\\\/\\\/pistal.eu\\\/fr-be\\\/pistal-creme-piqures-insectes\\\/\",\"url\":\"https:\\\/\\\/pistal.eu\\\/fr-be\\\/pistal-creme-piqures-insectes\\\/\",\"name\":\"Contre les piq\u00fbres et morsures d'insectes | Cr\u00e8me Piq\u00fbres d'Insectes Pistal\",\"isPartOf\":{\"@id\":\"https:\\\/\\\/pistal.eu\\\/#website\"},\"primaryImageOfPage\":{\"@id\":\"https:\\\/\\\/pistal.eu\\\/fr-be\\\/pistal-creme-piqures-insectes\\\/#primaryimage\"},\"image\":{\"@id\":\"https:\\\/\\\/pistal.eu\\\/fr-be\\\/pistal-creme-piqures-insectes\\\/#primaryimage\"},\"thumbnailUrl\":\"https:\\\/\\\/pistal.eu\\\/wp-content\\\/uploads\\\/2026\\\/04\\\/PREVIEW_URL_APAISANT.jpg\",\"datePublished\":\"2026-03-31T08:13:32+00:00\",\"dateModified\":\"2026-04-22T08:45:30+00:00\",\"description\":\"La cr\u00e8me Piq\u00fbres d'Insectes Pistal apaise les piq\u00fbres et morsures d'insectes, les d\u00e9mangeaisons et r\u00e9duit les rougeurs.\",\"breadcrumb\":{\"@id\":\"https:\\\/\\\/pistal.eu\\\/fr-be\\\/pistal-creme-piqures-insectes\\\/#breadcrumb\"},\"inLanguage\":\"fr-BE\",\"potentialAction\":[{\"@type\":\"ReadAction\",\"target\":[\"https:\\\/\\\/pistal.eu\\\/fr-be\\\/pistal-creme-piqures-insectes\\\/\"]}]},{\"@type\":\"ImageObject\",\"inLanguage\":\"fr-BE\",\"@id\":\"https:\\\/\\\/pistal.eu\\\/fr-be\\\/pistal-creme-piqures-insectes\\\/#primaryimage\",\"url\":\"https:\\\/\\\/pistal.eu\\\/wp-content\\\/uploads\\\/2026\\\/04\\\/PREVIEW_URL_APAISANT.jpg\",\"contentUrl\":\"https:\\\/\\\/pistal.eu\\\/wp-content\\\/uploads\\\/2026\\\/04\\\/PREVIEW_URL_APAISANT.jpg\",\"width\":1200,\"height\":630},{\"@type\":\"BreadcrumbList\",\"@id\":\"https:\\\/\\\/pistal.eu\\\/fr-be\\\/pistal-creme-piqures-insectes\\\/#breadcrumb\",\"itemListElement\":[{\"@type\":\"ListItem\",\"position\":1,\"name\":\"Accueil\",\"item\":\"https:\\\/\\\/pistal.eu\\\/fr-be\\\/\"},{\"@type\":\"ListItem\",\"position\":2,\"name\":\"CR\u00c8ME PIQ\u00dbRES D\u2019INSECTES PISTAL\"}]},{\"@type\":\"WebSite\",\"@id\":\"https:\\\/\\\/pistal.eu\\\/#website\",\"url\":\"https:\\\/\\\/pistal.eu\\\/\",\"name\":\"Pistal\",\"description\":\"De oplossing tegen insecten en luchtvervuiling binnenshuis op basis van natuurlijke ingredi\u00ebnten\",\"publisher\":{\"@id\":\"https:\\\/\\\/pistal.eu\\\/#organization\"},\"potentialAction\":[{\"@type\":\"SearchAction\",\"target\":{\"@type\":\"EntryPoint\",\"urlTemplate\":\"https:\\\/\\\/pistal.eu\\\/?s={search_term_string}\"},\"query-input\":{\"@type\":\"PropertyValueSpecification\",\"valueRequired\":true,\"valueName\":\"search_term_string\"}}],\"inLanguage\":\"fr-BE\"},{\"@type\":\"Organization\",\"@id\":\"https:\\\/\\\/pistal.eu\\\/#organization\",\"name\":\"Pistal\",\"url\":\"https:\\\/\\\/pistal.eu\\\/\",\"logo\":{\"@type\":\"ImageObject\",\"inLanguage\":\"fr-BE\",\"@id\":\"https:\\\/\\\/pistal.eu\\\/#\\\/schema\\\/logo\\\/image\\\/\",\"url\":\"https:\\\/\\\/pistal.eu\\\/wp-content\\\/uploads\\\/2024\\\/09\\\/xlogo.png.pagespeed.ic_.1BiTicxL-j.png\",\"contentUrl\":\"https:\\\/\\\/pistal.eu\\\/wp-content\\\/uploads\\\/2024\\\/09\\\/xlogo.png.pagespeed.ic_.1BiTicxL-j.png\",\"width\":126,\"height\":126,\"caption\":\"Pistal\"},\"image\":{\"@id\":\"https:\\\/\\\/pistal.eu\\\/#\\\/schema\\\/logo\\\/image\\\/\"}}]}<\/script>\n<!-- \/ Yoast SEO plugin. -->","yoast_head_json":{"title":"Contre les piq\u00fbres et morsures d'insectes | Cr\u00e8me Piq\u00fbres d'Insectes Pistal","description":"La cr\u00e8me Piq\u00fbres d'Insectes Pistal apaise les piq\u00fbres et morsures d'insectes, les d\u00e9mangeaisons et r\u00e9duit les rougeurs.","robots":{"index":"index","follow":"follow","max-snippet":"max-snippet:-1","max-image-preview":"max-image-preview:large","max-video-preview":"max-video-preview:-1"},"canonical":"https:\/\/pistal.eu\/fr-be\/pistal-creme-piqures-insectes\/","og_locale":"fr_FR","og_type":"article","og_title":"Contre les piq\u00fbres et morsures d'insectes | Cr\u00e8me Piq\u00fbres d'Insectes Pistal","og_description":"La cr\u00e8me Piq\u00fbres d'Insectes Pistal apaise les piq\u00fbres et morsures d'insectes, les d\u00e9mangeaisons et r\u00e9duit les rougeurs.","og_url":"https:\/\/pistal.eu\/fr-be\/pistal-creme-piqures-insectes\/","og_site_name":"Pistal","article_modified_time":"2026-04-22T08:45:30+00:00","og_image":[{"width":1200,"height":630,"url":"https:\/\/pistal.eu\/wp-content\/uploads\/2026\/04\/PREVIEW_URL_APAISANT.jpg","type":"image\/jpeg"}],"twitter_card":"summary_large_image","twitter_misc":{"Dur\u00e9e de lecture est.":"3 minutes"},"schema":{"@context":"https:\/\/schema.org","@graph":[{"@type":"WebPage","@id":"https:\/\/pistal.eu\/fr-be\/pistal-creme-piqures-insectes\/","url":"https:\/\/pistal.eu\/fr-be\/pistal-creme-piqures-insectes\/","name":"Contre les piq\u00fbres et morsures d'insectes | Cr\u00e8me Piq\u00fbres d'Insectes Pistal","isPartOf":{"@id":"https:\/\/pistal.eu\/#website"},"primaryImageOfPage":{"@id":"https:\/\/pistal.eu\/fr-be\/pistal-creme-piqures-insectes\/#primaryimage"},"image":{"@id":"https:\/\/pistal.eu\/fr-be\/pistal-creme-piqures-insectes\/#primaryimage"},"thumbnailUrl":"https:\/\/pistal.eu\/wp-content\/uploads\/2026\/04\/PREVIEW_URL_APAISANT.jpg","datePublished":"2026-03-31T08:13:32+00:00","dateModified":"2026-04-22T08:45:30+00:00","description":"La cr\u00e8me Piq\u00fbres d'Insectes Pistal apaise les piq\u00fbres et morsures d'insectes, les d\u00e9mangeaisons et r\u00e9duit les rougeurs.","breadcrumb":{"@id":"https:\/\/pistal.eu\/fr-be\/pistal-creme-piqures-insectes\/#breadcrumb"},"inLanguage":"fr-BE","potentialAction":[{"@type":"ReadAction","target":["https:\/\/pistal.eu\/fr-be\/pistal-creme-piqures-insectes\/"]}]},{"@type":"ImageObject","inLanguage":"fr-BE","@id":"https:\/\/pistal.eu\/fr-be\/pistal-creme-piqures-insectes\/#primaryimage","url":"https:\/\/pistal.eu\/wp-content\/uploads\/2026\/04\/PREVIEW_URL_APAISANT.jpg","contentUrl":"https:\/\/pistal.eu\/wp-content\/uploads\/2026\/04\/PREVIEW_URL_APAISANT.jpg","width":1200,"height":630},{"@type":"BreadcrumbList","@id":"https:\/\/pistal.eu\/fr-be\/pistal-creme-piqures-insectes\/#breadcrumb","itemListElement":[{"@type":"ListItem","position":1,"name":"Accueil","item":"https:\/\/pistal.eu\/fr-be\/"},{"@type":"ListItem","position":2,"name":"CR\u00c8ME PIQ\u00dbRES D\u2019INSECTES PISTAL"}]},{"@type":"WebSite","@id":"https:\/\/pistal.eu\/#website","url":"https:\/\/pistal.eu\/","name":"Pistal","description":"De oplossing tegen insecten en luchtvervuiling binnenshuis op basis van natuurlijke ingredi\u00ebnten","publisher":{"@id":"https:\/\/pistal.eu\/#organization"},"potentialAction":[{"@type":"SearchAction","target":{"@type":"EntryPoint","urlTemplate":"https:\/\/pistal.eu\/?s={search_term_string}"},"query-input":{"@type":"PropertyValueSpecification","valueRequired":true,"valueName":"search_term_string"}}],"inLanguage":"fr-BE"},{"@type":"Organization","@id":"https:\/\/pistal.eu\/#organization","name":"Pistal","url":"https:\/\/pistal.eu\/","logo":{"@type":"ImageObject","inLanguage":"fr-BE","@id":"https:\/\/pistal.eu\/#\/schema\/logo\/image\/","url":"https:\/\/pistal.eu\/wp-content\/uploads\/2024\/09\/xlogo.png.pagespeed.ic_.1BiTicxL-j.png","contentUrl":"https:\/\/pistal.eu\/wp-content\/uploads\/2024\/09\/xlogo.png.pagespeed.ic_.1BiTicxL-j.png","width":126,"height":126,"caption":"Pistal"},"image":{"@id":"https:\/\/pistal.eu\/#\/schema\/logo\/image\/"}}]}},"_links":{"self":[{"href":"https:\/\/pistal.eu\/fr-be\/wp-json\/wp\/v2\/pages\/289603","targetHints":{"allow":["GET"]}}],"collection":[{"href":"https:\/\/pistal.eu\/fr-be\/wp-json\/wp\/v2\/pages"}],"about":[{"href":"https:\/\/pistal.eu\/fr-be\/wp-json\/wp\/v2\/types\/page"}],"author":[{"embeddable":true,"href":"https:\/\/pistal.eu\/fr-be\/wp-json\/wp\/v2\/users\/1"}],"replies":[{"embeddable":true,"href":"https:\/\/pistal.eu\/fr-be\/wp-json\/wp\/v2\/comments?post=289603"}],"version-history":[{"count":7,"href":"https:\/\/pistal.eu\/fr-be\/wp-json\/wp\/v2\/pages\/289603\/revisions"}],"predecessor-version":[{"id":289624,"href":"https:\/\/pistal.eu\/fr-be\/wp-json\/wp\/v2\/pages\/289603\/revisions\/289624"}],"wp:featuredmedia":[{"embeddable":true,"href":"https:\/\/pistal.eu\/fr-be\/wp-json\/wp\/v2\/media\/289623"}],"wp:attachment":[{"href":"https:\/\/pistal.eu\/fr-be\/wp-json\/wp\/v2\/media?parent=289603"}],"curies":[{"name":"wp","href":"https:\/\/api.w.org\/{rel}","templated":true}]}}