{"id":285890,"date":"2024-09-11T11:52:13","date_gmt":"2024-09-11T09:52:13","guid":{"rendered":"https:\/\/pistal.aesprod.fr\/blog\/"},"modified":"2025-04-11T13:36:57","modified_gmt":"2025-04-11T11:36:57","slug":"blog","status":"publish","type":"page","link":"https:\/\/pistal.eu\/fr-be\/blog\/","title":{"rendered":"Blog"},"content":{"rendered":"<p>[et_pb_section fb_built=\u00a0\u00bb1&Prime; custom_padding_last_edited=\u00a0\u00bbon|phone\u00a0\u00bb _builder_version=\u00a0\u00bb4.27.0&Prime; _module_preset=\u00a0\u00bbdefault\u00a0\u00bb background_image=\u00a0\u00bbhttps:\/\/pistal.eu\/wp-content\/uploads\/2024\/09\/xtab-shape1.png.pagespeed.ic_.s_KWqfEeu1.webp\u00a0\u00bb background_size=\u00a0\u00bbinitial\u00a0\u00bb background_position=\u00a0\u00bbtop_left\u00a0\u00bb background_horizontal_offset=\u00a0\u00bb-9%\u00a0\u00bb custom_padding=\u00a0\u00bb140px||6px||false|false\u00a0\u00bb custom_padding_tablet=\u00a0\u00bb\u00a0\u00bb custom_padding_phone=\u00a0\u00bb80px||||false|false\u00a0\u00bb global_colors_info=\u00a0\u00bb{}\u00a0\u00bb][et_pb_row _builder_version=\u00a0\u00bb4.27.2&Prime; _module_preset=\u00a0\u00bbdefault\u00a0\u00bb custom_padding=\u00a0\u00bb14px||||false|false\u00a0\u00bb global_colors_info=\u00a0\u00bb{}\u00a0\u00bb][et_pb_column type=\u00a0\u00bb4_4&Prime; _builder_version=\u00a0\u00bb4.27.0&Prime; _module_preset=\u00a0\u00bbdefault\u00a0\u00bb global_colors_info=\u00a0\u00bb{}\u00a0\u00bb][et_pb_text _builder_version=\u00a0\u00bb4.27.4&Prime; _module_preset=\u00a0\u00bbdefault\u00a0\u00bb text_font=\u00a0\u00bb|700|||||||\u00a0\u00bb text_text_color=\u00a0\u00bbgcid-heading-color\u00a0\u00bb header_text_align=\u00a0\u00bbcenter\u00a0\u00bb header_2_font=\u00a0\u00bb|300||on|||||\u00a0\u00bb header_2_text_align=\u00a0\u00bbcenter\u00a0\u00bb header_2_font_size=\u00a0\u00bb48px\u00a0\u00bb text_orientation=\u00a0\u00bbcenter\u00a0\u00bb text_font_size_tablet=\u00a0\u00bb\u00a0\u00bb text_font_size_phone=\u00a0\u00bb\u00a0\u00bb text_font_size_last_edited=\u00a0\u00bbon|phone\u00a0\u00bb header_2_font_size_tablet=\u00a0\u00bb48px\u00a0\u00bb header_2_font_size_phone=\u00a0\u00bb30px\u00a0\u00bb header_2_font_size_last_edited=\u00a0\u00bbon|phone\u00a0\u00bb text_orientation_tablet=\u00a0\u00bbcenter\u00a0\u00bb text_orientation_phone=\u00a0\u00bbleft\u00a0\u00bb text_orientation_last_edited=\u00a0\u00bbon|phone\u00a0\u00bb global_colors_info=\u00a0\u00bb{%22gcid-heading-color%22:%91%22text_text_color%22%93}\u00a0\u00bb]<\/p>\n<h1>Blog<\/h1>\n<p>Toute l\u2019expertise de Pistal pour profiter d\u2019un environnement sans insectes nuisibles ! [\/et_pb_text][\/et_pb_column][\/et_pb_row][et_pb_row _builder_version=\u00a0\u00bb4.27.2&Prime; _module_preset=\u00a0\u00bbdefault\u00a0\u00bb background_enable_color=\u00a0\u00bboff\u00a0\u00bb global_colors_info=\u00a0\u00bb{}\u00a0\u00bb][et_pb_column type=\u00a0\u00bb4_4&Prime; _builder_version=\u00a0\u00bb4.27.0&Prime; _module_preset=\u00a0\u00bbdefault\u00a0\u00bb global_colors_info=\u00a0\u00bb{}\u00a0\u00bb][et_pb_blog fullwidth=\u00a0\u00bboff\u00a0\u00bb include_categories=\u00a0\u00bb15&Prime; show_more=\u00a0\u00bbon\u00a0\u00bb show_author=\u00a0\u00bboff\u00a0\u00bb show_categories=\u00a0\u00bboff\u00a0\u00bb show_pagination=\u00a0\u00bboff\u00a0\u00bb module_class=\u00a0\u00bbpa-blog-equal-height\u00a0\u00bb _builder_version=\u00a0\u00bb4.27.2&Prime; _module_preset=\u00a0\u00bbdefault\u00a0\u00bb header_font=\u00a0\u00bb|600|||||||\u00a0\u00bb header_font_size=\u00a0\u00bb24px\u00a0\u00bb header_line_height=\u00a0\u00bb1.2em\u00a0\u00bb meta_text_color=\u00a0\u00bbRGBA(255,255,255,0)\u00a0\u00bb meta_font_size=\u00a0\u00bb1px\u00a0\u00bb read_more_font=\u00a0\u00bb|600||on|||||\u00a0\u00bb custom_padding=\u00a0\u00bb||||false|false\u00a0\u00bb body_font_size_tablet=\u00a0\u00bb\u00a0\u00bb body_font_size_phone=\u00a0\u00bb17px\u00a0\u00bb body_font_size_last_edited=\u00a0\u00bbon|desktop\u00a0\u00bb border_radii=\u00a0\u00bbon|15px|15px|15px|15px\u00a0\u00bb border_width_all=\u00a0\u00bb0px\u00a0\u00bb border_color_all=\u00a0\u00bbgcid-heading-color\u00a0\u00bb box_shadow_style=\u00a0\u00bbpreset1&Prime; global_colors_info=\u00a0\u00bb{%22gcid-heading-color%22:%91%22border_color_all%22%93}\u00a0\u00bb][\/et_pb_blog][\/et_pb_column][\/et_pb_row][et_pb_row disabled_on=\u00a0\u00bbon|on|off\u00a0\u00bb _builder_version=\u00a0\u00bb4.27.2&Prime; _module_preset=\u00a0\u00bbdefault\u00a0\u00bb positioning=\u00a0\u00bbabsolute\u00a0\u00bb position_origin_a=\u00a0\u00bbbottom_right\u00a0\u00bb z_index=\u00a0\u00bb0&Prime; width=\u00a0\u00bb100%\u00a0\u00bb max_width=\u00a0\u00bb100%\u00a0\u00bb scroll_vertical_motion_enable=\u00a0\u00bbon\u00a0\u00bb scroll_vertical_motion=\u00a0\u00bb0|50|50|100|2|0|-2&Prime; global_colors_info=\u00a0\u00bb{}\u00a0\u00bb][et_pb_column type=\u00a0\u00bb4_4&Prime; _builder_version=\u00a0\u00bb4.27.0&Prime; _module_preset=\u00a0\u00bbdefault\u00a0\u00bb global_colors_info=\u00a0\u00bb{}\u00a0\u00bb][et_pb_image src=\u00a0\u00bbhttps:\/\/pistal.eu\/wp-content\/uploads\/2024\/09\/circel.png\u00a0\u00bb align=\u00a0\u00bbright\u00a0\u00bb _builder_version=\u00a0\u00bb4.27.0&Prime; _module_preset=\u00a0\u00bbdefault\u00a0\u00bb global_colors_info=\u00a0\u00bb{}\u00a0\u00bb][\/et_pb_image][\/et_pb_column][\/et_pb_row][\/et_pb_section]<\/p>\n","protected":false},"excerpt":{"rendered":"<p>Blog Toute l\u2019expertise de Pistal pour profiter d\u2019un environnement sans insectes nuisibles !<\/p>\n","protected":false},"author":1,"featured_media":286059,"parent":0,"menu_order":0,"comment_status":"closed","ping_status":"closed","template":"","meta":{"_et_pb_use_builder":"on","_et_pb_old_content":"","_et_gb_content_width":"","footnotes":""},"class_list":["post-285890","page","type-page","status-publish","has-post-thumbnail","hentry"],"yoast_head":"<!-- This site is optimized with the Yoast SEO plugin v27.4 - https:\/\/yoast.com\/product\/yoast-seo-wordpress\/ -->\n<title>Blog | Pistal<\/title>\n<meta name=\"description\" content=\"Sp\u00e9cialiste des insectes nuisibles et des solutions pour s&#039;en d\u00e9barrasser, Pistal vous \u00e9claire ! Retrouvez toute notre expertise dans nos articles de blog.\" \/>\n<meta name=\"robots\" content=\"index, follow, max-snippet:-1, max-image-preview:large, max-video-preview:-1\" \/>\n<link rel=\"canonical\" href=\"https:\/\/pistal.eu\/fr-be\/blog\/\" \/>\n<meta property=\"og:locale\" content=\"fr_FR\" \/>\n<meta property=\"og:type\" content=\"article\" \/>\n<meta property=\"og:title\" content=\"Blog | Pistal\" \/>\n<meta property=\"og:description\" content=\"Sp\u00e9cialiste des insectes nuisibles et des solutions pour s&#039;en d\u00e9barrasser, Pistal vous \u00e9claire ! Retrouvez toute notre expertise dans nos articles de blog.\" \/>\n<meta property=\"og:url\" content=\"https:\/\/pistal.eu\/fr-be\/blog\/\" \/>\n<meta property=\"og:site_name\" content=\"Pistal\" \/>\n<meta property=\"article:modified_time\" content=\"2025-04-11T11:36:57+00:00\" \/>\n<meta property=\"og:image\" content=\"https:\/\/pistal.eu\/wp-content\/uploads\/2025\/03\/X_PREVIEW_URL_Home_FR_1200x630.png\" \/>\n\t<meta property=\"og:image:width\" content=\"1200\" \/>\n\t<meta property=\"og:image:height\" content=\"630\" \/>\n\t<meta property=\"og:image:type\" content=\"image\/png\" \/>\n<meta name=\"twitter:card\" content=\"summary_large_image\" \/>\n<meta name=\"twitter:label1\" content=\"Dur\u00e9e de lecture est.\" \/>\n\t<meta name=\"twitter:data1\" content=\"2 minutes\" \/>\n<script type=\"application\/ld+json\" class=\"yoast-schema-graph\">{\"@context\":\"https:\\\/\\\/schema.org\",\"@graph\":[{\"@type\":\"WebPage\",\"@id\":\"https:\\\/\\\/pistal.eu\\\/fr-be\\\/blog\\\/\",\"url\":\"https:\\\/\\\/pistal.eu\\\/fr-be\\\/blog\\\/\",\"name\":\"Blog | Pistal\",\"isPartOf\":{\"@id\":\"https:\\\/\\\/pistal.eu\\\/#website\"},\"primaryImageOfPage\":{\"@id\":\"https:\\\/\\\/pistal.eu\\\/fr-be\\\/blog\\\/#primaryimage\"},\"image\":{\"@id\":\"https:\\\/\\\/pistal.eu\\\/fr-be\\\/blog\\\/#primaryimage\"},\"thumbnailUrl\":\"https:\\\/\\\/pistal.eu\\\/wp-content\\\/uploads\\\/2025\\\/03\\\/X_PREVIEW_URL_Home_FR_1200x630.png\",\"datePublished\":\"2024-09-11T09:52:13+00:00\",\"dateModified\":\"2025-04-11T11:36:57+00:00\",\"description\":\"Sp\u00e9cialiste des insectes nuisibles et des solutions pour s'en d\u00e9barrasser, Pistal vous \u00e9claire ! Retrouvez toute notre expertise dans nos articles de blog.\",\"breadcrumb\":{\"@id\":\"https:\\\/\\\/pistal.eu\\\/fr-be\\\/blog\\\/#breadcrumb\"},\"inLanguage\":\"fr-BE\",\"potentialAction\":[{\"@type\":\"ReadAction\",\"target\":[\"https:\\\/\\\/pistal.eu\\\/fr-be\\\/blog\\\/\"]}]},{\"@type\":\"ImageObject\",\"inLanguage\":\"fr-BE\",\"@id\":\"https:\\\/\\\/pistal.eu\\\/fr-be\\\/blog\\\/#primaryimage\",\"url\":\"https:\\\/\\\/pistal.eu\\\/wp-content\\\/uploads\\\/2025\\\/03\\\/X_PREVIEW_URL_Home_FR_1200x630.png\",\"contentUrl\":\"https:\\\/\\\/pistal.eu\\\/wp-content\\\/uploads\\\/2025\\\/03\\\/X_PREVIEW_URL_Home_FR_1200x630.png\",\"width\":1200,\"height\":630},{\"@type\":\"BreadcrumbList\",\"@id\":\"https:\\\/\\\/pistal.eu\\\/fr-be\\\/blog\\\/#breadcrumb\",\"itemListElement\":[{\"@type\":\"ListItem\",\"position\":1,\"name\":\"Accueil\",\"item\":\"https:\\\/\\\/pistal.eu\\\/fr-be\\\/\"},{\"@type\":\"ListItem\",\"position\":2,\"name\":\"Blog\"}]},{\"@type\":\"WebSite\",\"@id\":\"https:\\\/\\\/pistal.eu\\\/#website\",\"url\":\"https:\\\/\\\/pistal.eu\\\/\",\"name\":\"Pistal\",\"description\":\"De oplossing tegen insecten en luchtvervuiling binnenshuis op basis van natuurlijke ingredi\u00ebnten\",\"publisher\":{\"@id\":\"https:\\\/\\\/pistal.eu\\\/#organization\"},\"potentialAction\":[{\"@type\":\"SearchAction\",\"target\":{\"@type\":\"EntryPoint\",\"urlTemplate\":\"https:\\\/\\\/pistal.eu\\\/?s={search_term_string}\"},\"query-input\":{\"@type\":\"PropertyValueSpecification\",\"valueRequired\":true,\"valueName\":\"search_term_string\"}}],\"inLanguage\":\"fr-BE\"},{\"@type\":\"Organization\",\"@id\":\"https:\\\/\\\/pistal.eu\\\/#organization\",\"name\":\"Pistal\",\"url\":\"https:\\\/\\\/pistal.eu\\\/\",\"logo\":{\"@type\":\"ImageObject\",\"inLanguage\":\"fr-BE\",\"@id\":\"https:\\\/\\\/pistal.eu\\\/#\\\/schema\\\/logo\\\/image\\\/\",\"url\":\"https:\\\/\\\/pistal.eu\\\/wp-content\\\/uploads\\\/2024\\\/09\\\/xlogo.png.pagespeed.ic_.1BiTicxL-j.png\",\"contentUrl\":\"https:\\\/\\\/pistal.eu\\\/wp-content\\\/uploads\\\/2024\\\/09\\\/xlogo.png.pagespeed.ic_.1BiTicxL-j.png\",\"width\":126,\"height\":126,\"caption\":\"Pistal\"},\"image\":{\"@id\":\"https:\\\/\\\/pistal.eu\\\/#\\\/schema\\\/logo\\\/image\\\/\"}}]}<\/script>\n<!-- \/ Yoast SEO plugin. -->","yoast_head_json":{"title":"Blog | Pistal","description":"Sp\u00e9cialiste des insectes nuisibles et des solutions pour s'en d\u00e9barrasser, Pistal vous \u00e9claire ! Retrouvez toute notre expertise dans nos articles de blog.","robots":{"index":"index","follow":"follow","max-snippet":"max-snippet:-1","max-image-preview":"max-image-preview:large","max-video-preview":"max-video-preview:-1"},"canonical":"https:\/\/pistal.eu\/fr-be\/blog\/","og_locale":"fr_FR","og_type":"article","og_title":"Blog | Pistal","og_description":"Sp\u00e9cialiste des insectes nuisibles et des solutions pour s'en d\u00e9barrasser, Pistal vous \u00e9claire ! Retrouvez toute notre expertise dans nos articles de blog.","og_url":"https:\/\/pistal.eu\/fr-be\/blog\/","og_site_name":"Pistal","article_modified_time":"2025-04-11T11:36:57+00:00","og_image":[{"width":1200,"height":630,"url":"https:\/\/pistal.eu\/wp-content\/uploads\/2025\/03\/X_PREVIEW_URL_Home_FR_1200x630.png","type":"image\/png"}],"twitter_card":"summary_large_image","twitter_misc":{"Dur\u00e9e de lecture est.":"2 minutes"},"schema":{"@context":"https:\/\/schema.org","@graph":[{"@type":"WebPage","@id":"https:\/\/pistal.eu\/fr-be\/blog\/","url":"https:\/\/pistal.eu\/fr-be\/blog\/","name":"Blog | Pistal","isPartOf":{"@id":"https:\/\/pistal.eu\/#website"},"primaryImageOfPage":{"@id":"https:\/\/pistal.eu\/fr-be\/blog\/#primaryimage"},"image":{"@id":"https:\/\/pistal.eu\/fr-be\/blog\/#primaryimage"},"thumbnailUrl":"https:\/\/pistal.eu\/wp-content\/uploads\/2025\/03\/X_PREVIEW_URL_Home_FR_1200x630.png","datePublished":"2024-09-11T09:52:13+00:00","dateModified":"2025-04-11T11:36:57+00:00","description":"Sp\u00e9cialiste des insectes nuisibles et des solutions pour s'en d\u00e9barrasser, Pistal vous \u00e9claire ! Retrouvez toute notre expertise dans nos articles de blog.","breadcrumb":{"@id":"https:\/\/pistal.eu\/fr-be\/blog\/#breadcrumb"},"inLanguage":"fr-BE","potentialAction":[{"@type":"ReadAction","target":["https:\/\/pistal.eu\/fr-be\/blog\/"]}]},{"@type":"ImageObject","inLanguage":"fr-BE","@id":"https:\/\/pistal.eu\/fr-be\/blog\/#primaryimage","url":"https:\/\/pistal.eu\/wp-content\/uploads\/2025\/03\/X_PREVIEW_URL_Home_FR_1200x630.png","contentUrl":"https:\/\/pistal.eu\/wp-content\/uploads\/2025\/03\/X_PREVIEW_URL_Home_FR_1200x630.png","width":1200,"height":630},{"@type":"BreadcrumbList","@id":"https:\/\/pistal.eu\/fr-be\/blog\/#breadcrumb","itemListElement":[{"@type":"ListItem","position":1,"name":"Accueil","item":"https:\/\/pistal.eu\/fr-be\/"},{"@type":"ListItem","position":2,"name":"Blog"}]},{"@type":"WebSite","@id":"https:\/\/pistal.eu\/#website","url":"https:\/\/pistal.eu\/","name":"Pistal","description":"De oplossing tegen insecten en luchtvervuiling binnenshuis op basis van natuurlijke ingredi\u00ebnten","publisher":{"@id":"https:\/\/pistal.eu\/#organization"},"potentialAction":[{"@type":"SearchAction","target":{"@type":"EntryPoint","urlTemplate":"https:\/\/pistal.eu\/?s={search_term_string}"},"query-input":{"@type":"PropertyValueSpecification","valueRequired":true,"valueName":"search_term_string"}}],"inLanguage":"fr-BE"},{"@type":"Organization","@id":"https:\/\/pistal.eu\/#organization","name":"Pistal","url":"https:\/\/pistal.eu\/","logo":{"@type":"ImageObject","inLanguage":"fr-BE","@id":"https:\/\/pistal.eu\/#\/schema\/logo\/image\/","url":"https:\/\/pistal.eu\/wp-content\/uploads\/2024\/09\/xlogo.png.pagespeed.ic_.1BiTicxL-j.png","contentUrl":"https:\/\/pistal.eu\/wp-content\/uploads\/2024\/09\/xlogo.png.pagespeed.ic_.1BiTicxL-j.png","width":126,"height":126,"caption":"Pistal"},"image":{"@id":"https:\/\/pistal.eu\/#\/schema\/logo\/image\/"}}]}},"_links":{"self":[{"href":"https:\/\/pistal.eu\/fr-be\/wp-json\/wp\/v2\/pages\/285890","targetHints":{"allow":["GET"]}}],"collection":[{"href":"https:\/\/pistal.eu\/fr-be\/wp-json\/wp\/v2\/pages"}],"about":[{"href":"https:\/\/pistal.eu\/fr-be\/wp-json\/wp\/v2\/types\/page"}],"author":[{"embeddable":true,"href":"https:\/\/pistal.eu\/fr-be\/wp-json\/wp\/v2\/users\/1"}],"replies":[{"embeddable":true,"href":"https:\/\/pistal.eu\/fr-be\/wp-json\/wp\/v2\/comments?post=285890"}],"version-history":[{"count":4,"href":"https:\/\/pistal.eu\/fr-be\/wp-json\/wp\/v2\/pages\/285890\/revisions"}],"predecessor-version":[{"id":286106,"href":"https:\/\/pistal.eu\/fr-be\/wp-json\/wp\/v2\/pages\/285890\/revisions\/286106"}],"wp:featuredmedia":[{"embeddable":true,"href":"https:\/\/pistal.eu\/fr-be\/wp-json\/wp\/v2\/media\/286059"}],"wp:attachment":[{"href":"https:\/\/pistal.eu\/fr-be\/wp-json\/wp\/v2\/media?parent=285890"}],"curies":[{"name":"wp","href":"https:\/\/api.w.org\/{rel}","templated":true}]}}