{"id":287242,"date":"2024-09-10T15:30:46","date_gmt":"2024-09-10T13:30:46","guid":{"rendered":"https:\/\/pistal.eu\/datenschutzerklaerung\/"},"modified":"2025-10-30T14:42:14","modified_gmt":"2025-10-30T13:42:14","slug":"datenschutzerklaerung","status":"publish","type":"page","link":"https:\/\/pistal.eu\/de-at\/datenschutzerklaerung\/","title":{"rendered":"DATENSCHUTZERKL\u00c4RUNG"},"content":{"rendered":"<p>[et_pb_section fb_built=&#8221;1&#8243; custom_padding_last_edited=&#8221;on|phone&#8221; _builder_version=&#8221;4.27.0&#8243; _module_preset=&#8221;default&#8221; background_enable_image=&#8221;off&#8221; background_size=&#8221;initial&#8221; background_position=&#8221;bottom_left&#8221; custom_padding=&#8221;140px||6px||false|false&#8221; custom_padding_tablet=&#8221;&#8221; custom_padding_phone=&#8221;80px||||false|false&#8221; global_colors_info=&#8221;{}&#8221;][et_pb_row _builder_version=&#8221;4.27.0&#8243; _module_preset=&#8221;default&#8221; global_colors_info=&#8221;{}&#8221;][et_pb_column type=&#8221;4_4&#8243; _builder_version=&#8221;4.27.0&#8243; _module_preset=&#8221;default&#8221; global_colors_info=&#8221;{}&#8221;][et_pb_text _builder_version=&#8221;4.27.4&#8243; _module_preset=&#8221;default&#8221; text_font=&#8221;|300|||||||&#8221; text_text_color=&#8221;#000000&#8243; header_2_font=&#8221;|300||on|||||&#8221; header_2_text_align=&#8221;left&#8221; header_2_font_size=&#8221;48px&#8221; header_3_font_size=&#8221;30px&#8221; hover_enabled=&#8221;0&#8243; header_2_font_size_tablet=&#8221;48px&#8221; header_2_font_size_phone=&#8221;30px&#8221; header_2_font_size_last_edited=&#8221;on|phone&#8221; header_3_font_size_tablet=&#8221;30px&#8221; header_3_font_size_phone=&#8221;25px&#8221; header_3_font_size_last_edited=&#8221;on|phone&#8221; global_colors_info=&#8221;{}&#8221; header_font=&#8221;|||on|||||&#8221; header_font_size=&#8221;34px&#8221; header_line_height=&#8221;1.8em&#8221; header_font_size_last_edited=&#8221;on|phone&#8221; sticky_enabled=&#8221;0&#8243; header_font_size_phone=&#8221;22px&#8221; header_font_size_tablet=&#8221;34px&#8221;]<\/p>\n<h1>Datenschutzhinweis<\/h1>\n<h3>1. WAS BEN\u00d6TIGEN WIR?<\/h3>\n<p>Unsere Datenschutzerkl\u00e4rung regelt die Verwendung und Speicherung Ihrer Daten. Sie k\u00f6nnen unsere Datenschutzerkl\u00e4rung unter folgender Adresse aufrufen: [<a href=\"https:\/\/www.oystershell.com\/en\/privacy-notice\" target=\"_blank\" rel=\"noopener\">https:\/\/www.oystershell.com\/en\/privacy-notice<\/a>].<br \/>\nOystershell verwendet Ihre Daten gem\u00e4\u00df der Verordnung EU\u202f2016\/\u2060679 des Europ\u00e4ischen Parlaments und des Rates vom 27.\u202fApril 2016 zum Schutz nat\u00fcrlicher Personen bei der Verarbeitung personenbezogener Daten und zum freien Datenverkehr und zur Aufhebung der Richtlinie\u202f95\/\u206046\/\u2060EG.<br \/>\nOystershell ist der Verantwortliche f\u00fcr die personenbezogenen Daten, die Sie uns zur Verf\u00fcgung stellen. Wir erheben die folgenden Arten von personenbezogenen Daten von Ihnen:<br \/>\n\u2022 Nach- und Vorname<br \/>\n\u2022 Geschlecht<br \/>\n\u2022 E\u2011Mail-Adresse<br \/>\n\u2022 Adressdaten<br \/>\n\u2022 Telefonnummer<br \/>\n\u2022 IP-Adresse<br \/>\n\u2022 Bezahldaten<br \/>\n\u2022 Kundennummer<br \/>\n\u2022 Kaufverlauf<br \/>\n\u2022 Online-Klickverhalten<\/p>\n<h3>2. WARUM BEN\u00d6TIGEN WIR DIESE PERSONENBEZOGENEN DATEN?<\/h3>\n<p>Wir ben\u00f6tigen Ihre personenbezogenen Daten, um Ihnen die folgenden Dienstleistungen bereitzustellen:<\/p>\n<ul>\n<li>\u00a0Kauf von Produkten auf der Website und die Nutzung der Funktionen der Website<\/li>\n<li>Bearbeitung Ihrer Bestellung und die Bereitstellung von Informationen \u00fcber deren Fortschritt. Um Ihnen mit Ihrer Zustimmung personalisierte Nachrichten, insbesondere basierend auf Ihren Interessen und Ihrem Kaufverlauf (online und offline) zu senden. Weitere Informationen hierzu finden Sie im Abschnitt \u201eProfilerstellung\u201c.<\/li>\n<li>Bearbeitung einer m\u00f6glichen Teilnahme an Wettbewerben, Workshops, Werbeaktionen usw.<\/li>\n<li>Beantwortung von Fragen, die beispielsweise \u00fcber die Website gestellt werden<\/li>\n<li>Verbesserung unserer Online- und Offlinedienste<\/li>\n<\/ul>\n<h3>3. WAS PASSIERT MIT IHREN DATEN?<\/h3>\n<p>Ihre personenbezogenen Daten werden in Merelbeke (Belgien) verarbeitet. Ihre Daten werden in Merelbeke (Belgien) gehostet und gespeichert.<br \/>\nKein Drittanbieter hat Zugriff auf Ihre Daten, es sei denn, dies ist ausdr\u00fccklich gesetzlich vorgeschrieben.<\/p>\n<h3>4. WIE LANGE BEWAHREN WIR SIE AUF?<\/h3>\n<p>Die meisten Informationen \u00fcber unsere Kunden werden 10\u202fJahre nach einer Widerspruchsvereinbarung oder nach Beendigung der Vertragsbeziehung aufbewahrt. Diese Frist ist notwendig, um die Aus\u00fcbung unserer gesetzlichen Rechte zu gew\u00e4hrleisten oder uns gegen Rechtsanspr\u00fcche zu verteidigen. Nach Ablauf dieser Frist werden Ihre personenbezogenen Daten unwiderruflich vernichtet. Alle personenbezogenen Daten, die wir f\u00fcr Marketingzwecke und Benachrichtigungen zu Aktualisierungen unserer Dienste verwalten, werden so lange gespeichert, bis Sie uns mitteilen, dass Sie diese Informationen nicht mehr erhalten m\u00f6chten.<br \/>\nWeitere Informationen zu unseren Aufbewahrungsfristen personenbezogener Daten finden Sie unter [<a href=\"https:\/\/www.oystershell.com\/en\/data-retention-policy\" target=\"_blank\" rel=\"noopener\">https:\/\/www.oystershell.com\/en\/data-retention-policy<\/a>].<\/p>\n<h3>5. WELCHE RECHTE HABEN SIE?<\/h3>\n<p>Wenn Sie der Meinung sind, dass die personenbezogenen Daten, die wir \u00fcber Sie speichern, unrichtig oder unvollst\u00e4ndig sind, haben Sie das Recht, Zugriff auf diese Informationen, ihre Berichtigung oder L\u00f6schung zu verlangen. Kontaktieren Sie uns bitte unter: [Antragsformular f\u00fcr die \u00dcberpr\u00fcfung der betroffenen Person] (erh\u00e4ltlich auf Anfrage unter <a href=\"mailto:gdps@oystershell.com?subject=Inzageaanvraagformulier%20voor%20betrokkene\">GDPR@oystershell.com<\/a>).<br \/>\nWenn Sie eine Beschwerde dar\u00fcber einreichen m\u00f6chten, wie wir Ihre personenbezogenen Daten verarbeitet haben, wenden Sie sich bitte an den Datenschutzbeauftragten unter <a href=\"mailto:gdpr@oystershell\">gdpr@oystershell<\/a> oder auf dem Postweg an Nijverheidsweg\u202f10, B\u20119820 MERELBEKE Belgien. Unser Datenschutzbeauftragter wird Ihre Beschwerde untersuchen und mit Ihnen eine L\u00f6sung f\u00fcr das Problem finden.<br \/>\nenn Sie immer noch der Meinung sind, dass Ihre personenbezogenen Daten nicht ordnungsgem\u00e4\u00df laut Gesetz verarbeitet wurden, k\u00f6nnen Sie sich an <a href=\"https:\/\/www.privacycommission.be\" target=\"_blank\" rel=\"noopener\">https:\/\/www.privacycommission.be<\/a> wenden und eine Beschwerde bei dieser Stelle einreichen.<br \/>\nDatenschutzerkl\u00e4rung \u2013 Cookie-Erkl\u00e4rung<br \/>\nOystershell\u202f\u2013 2021[\/et_pb_text][\/et_pb_column][\/et_pb_row][\/et_pb_section]<\/p>\n","protected":false},"excerpt":{"rendered":"<p>Datenschutzhinweis 1. WAS BEN\u00d6TIGEN WIR? Unsere Datenschutzerkl\u00e4rung regelt die Verwendung und Speicherung Ihrer Daten. Sie k\u00f6nnen unsere Datenschutzerkl\u00e4rung unter folgender Adresse aufrufen: [https:\/\/www.oystershell.com\/en\/privacy-notice]. Oystershell verwendet Ihre Daten gem\u00e4\u00df der Verordnung EU\u202f2016\/\u2060679 des Europ\u00e4ischen Parlaments und des Rates vom 27.\u202fApril 2016 zum Schutz nat\u00fcrlicher Personen bei der Verarbeitung personenbezogener Daten und zum freien Datenverkehr und zur [&hellip;]<\/p>\n","protected":false},"author":1,"featured_media":0,"parent":0,"menu_order":0,"comment_status":"closed","ping_status":"closed","template":"","meta":{"_et_pb_use_builder":"on","_et_pb_old_content":"","_et_gb_content_width":"","footnotes":""},"class_list":["post-287242","page","type-page","status-publish","hentry"],"yoast_head":"<!-- This site is optimized with the Yoast SEO plugin v27.4 - https:\/\/yoast.com\/product\/yoast-seo-wordpress\/ -->\n<title>DATENSCHUTZERKL\u00c4RUNG - Pistal<\/title>\n<meta name=\"description\" content=\"Wir verarbeiten Ihre personenbezogenen Daten ausschlie\u00dflich im Rahmen der Bestimmungen der Datenschutzgrundverordnung\" \/>\n<meta name=\"robots\" content=\"index, follow, max-snippet:-1, max-image-preview:large, max-video-preview:-1\" \/>\n<link rel=\"canonical\" href=\"https:\/\/pistal.eu\/de-at\/datenschutzerklaerung\/\" \/>\n<meta property=\"og:locale\" content=\"de_DE\" \/>\n<meta property=\"og:type\" content=\"article\" \/>\n<meta property=\"og:title\" content=\"DATENSCHUTZERKL\u00c4RUNG - Pistal\" \/>\n<meta property=\"og:description\" content=\"Wir verarbeiten Ihre personenbezogenen Daten ausschlie\u00dflich im Rahmen der Bestimmungen der Datenschutzgrundverordnung\" \/>\n<meta property=\"og:url\" content=\"https:\/\/pistal.eu\/de-at\/datenschutzerklaerung\/\" \/>\n<meta property=\"og:site_name\" content=\"Pistal\" \/>\n<meta property=\"article:modified_time\" content=\"2025-10-30T13:42:14+00:00\" \/>\n<meta name=\"twitter:card\" content=\"summary_large_image\" \/>\n<meta name=\"twitter:label1\" content=\"Est. reading time\" \/>\n\t<meta name=\"twitter:data1\" content=\"3 minutes\" \/>\n<script type=\"application\/ld+json\" class=\"yoast-schema-graph\">{\"@context\":\"https:\\\/\\\/schema.org\",\"@graph\":[{\"@type\":\"WebPage\",\"@id\":\"https:\\\/\\\/pistal.eu\\\/de-at\\\/datenschutzerklaerung\\\/\",\"url\":\"https:\\\/\\\/pistal.eu\\\/de-at\\\/datenschutzerklaerung\\\/\",\"name\":\"DATENSCHUTZERKL\u00c4RUNG - Pistal\",\"isPartOf\":{\"@id\":\"https:\\\/\\\/pistal.eu\\\/#website\"},\"datePublished\":\"2024-09-10T13:30:46+00:00\",\"dateModified\":\"2025-10-30T13:42:14+00:00\",\"description\":\"Wir verarbeiten Ihre personenbezogenen Daten ausschlie\u00dflich im Rahmen der Bestimmungen der Datenschutzgrundverordnung\",\"breadcrumb\":{\"@id\":\"https:\\\/\\\/pistal.eu\\\/de-at\\\/datenschutzerklaerung\\\/#breadcrumb\"},\"inLanguage\":\"de-AT\",\"potentialAction\":[{\"@type\":\"ReadAction\",\"target\":[\"https:\\\/\\\/pistal.eu\\\/de-at\\\/datenschutzerklaerung\\\/\"]}]},{\"@type\":\"BreadcrumbList\",\"@id\":\"https:\\\/\\\/pistal.eu\\\/de-at\\\/datenschutzerklaerung\\\/#breadcrumb\",\"itemListElement\":[{\"@type\":\"ListItem\",\"position\":1,\"name\":\"Accueil\",\"item\":\"https:\\\/\\\/pistal.eu\\\/de-at\\\/\"},{\"@type\":\"ListItem\",\"position\":2,\"name\":\"DATENSCHUTZERKL\u00c4RUNG\"}]},{\"@type\":\"WebSite\",\"@id\":\"https:\\\/\\\/pistal.eu\\\/#website\",\"url\":\"https:\\\/\\\/pistal.eu\\\/\",\"name\":\"Pistal\",\"description\":\"De oplossing tegen insecten en luchtvervuiling binnenshuis op basis van natuurlijke ingredi\u00ebnten\",\"publisher\":{\"@id\":\"https:\\\/\\\/pistal.eu\\\/#organization\"},\"potentialAction\":[{\"@type\":\"SearchAction\",\"target\":{\"@type\":\"EntryPoint\",\"urlTemplate\":\"https:\\\/\\\/pistal.eu\\\/?s={search_term_string}\"},\"query-input\":{\"@type\":\"PropertyValueSpecification\",\"valueRequired\":true,\"valueName\":\"search_term_string\"}}],\"inLanguage\":\"de-AT\"},{\"@type\":\"Organization\",\"@id\":\"https:\\\/\\\/pistal.eu\\\/#organization\",\"name\":\"Pistal\",\"url\":\"https:\\\/\\\/pistal.eu\\\/\",\"logo\":{\"@type\":\"ImageObject\",\"inLanguage\":\"de-AT\",\"@id\":\"https:\\\/\\\/pistal.eu\\\/#\\\/schema\\\/logo\\\/image\\\/\",\"url\":\"https:\\\/\\\/pistal.eu\\\/wp-content\\\/uploads\\\/2024\\\/09\\\/xlogo.png.pagespeed.ic_.1BiTicxL-j.png\",\"contentUrl\":\"https:\\\/\\\/pistal.eu\\\/wp-content\\\/uploads\\\/2024\\\/09\\\/xlogo.png.pagespeed.ic_.1BiTicxL-j.png\",\"width\":126,\"height\":126,\"caption\":\"Pistal\"},\"image\":{\"@id\":\"https:\\\/\\\/pistal.eu\\\/#\\\/schema\\\/logo\\\/image\\\/\"}}]}<\/script>\n<!-- \/ Yoast SEO plugin. -->","yoast_head_json":{"title":"DATENSCHUTZERKL\u00c4RUNG - Pistal","description":"Wir verarbeiten Ihre personenbezogenen Daten ausschlie\u00dflich im Rahmen der Bestimmungen der Datenschutzgrundverordnung","robots":{"index":"index","follow":"follow","max-snippet":"max-snippet:-1","max-image-preview":"max-image-preview:large","max-video-preview":"max-video-preview:-1"},"canonical":"https:\/\/pistal.eu\/de-at\/datenschutzerklaerung\/","og_locale":"de_DE","og_type":"article","og_title":"DATENSCHUTZERKL\u00c4RUNG - Pistal","og_description":"Wir verarbeiten Ihre personenbezogenen Daten ausschlie\u00dflich im Rahmen der Bestimmungen der Datenschutzgrundverordnung","og_url":"https:\/\/pistal.eu\/de-at\/datenschutzerklaerung\/","og_site_name":"Pistal","article_modified_time":"2025-10-30T13:42:14+00:00","twitter_card":"summary_large_image","twitter_misc":{"Est. reading time":"3 minutes"},"schema":{"@context":"https:\/\/schema.org","@graph":[{"@type":"WebPage","@id":"https:\/\/pistal.eu\/de-at\/datenschutzerklaerung\/","url":"https:\/\/pistal.eu\/de-at\/datenschutzerklaerung\/","name":"DATENSCHUTZERKL\u00c4RUNG - Pistal","isPartOf":{"@id":"https:\/\/pistal.eu\/#website"},"datePublished":"2024-09-10T13:30:46+00:00","dateModified":"2025-10-30T13:42:14+00:00","description":"Wir verarbeiten Ihre personenbezogenen Daten ausschlie\u00dflich im Rahmen der Bestimmungen der Datenschutzgrundverordnung","breadcrumb":{"@id":"https:\/\/pistal.eu\/de-at\/datenschutzerklaerung\/#breadcrumb"},"inLanguage":"de-AT","potentialAction":[{"@type":"ReadAction","target":["https:\/\/pistal.eu\/de-at\/datenschutzerklaerung\/"]}]},{"@type":"BreadcrumbList","@id":"https:\/\/pistal.eu\/de-at\/datenschutzerklaerung\/#breadcrumb","itemListElement":[{"@type":"ListItem","position":1,"name":"Accueil","item":"https:\/\/pistal.eu\/de-at\/"},{"@type":"ListItem","position":2,"name":"DATENSCHUTZERKL\u00c4RUNG"}]},{"@type":"WebSite","@id":"https:\/\/pistal.eu\/#website","url":"https:\/\/pistal.eu\/","name":"Pistal","description":"De oplossing tegen insecten en luchtvervuiling binnenshuis op basis van natuurlijke ingredi\u00ebnten","publisher":{"@id":"https:\/\/pistal.eu\/#organization"},"potentialAction":[{"@type":"SearchAction","target":{"@type":"EntryPoint","urlTemplate":"https:\/\/pistal.eu\/?s={search_term_string}"},"query-input":{"@type":"PropertyValueSpecification","valueRequired":true,"valueName":"search_term_string"}}],"inLanguage":"de-AT"},{"@type":"Organization","@id":"https:\/\/pistal.eu\/#organization","name":"Pistal","url":"https:\/\/pistal.eu\/","logo":{"@type":"ImageObject","inLanguage":"de-AT","@id":"https:\/\/pistal.eu\/#\/schema\/logo\/image\/","url":"https:\/\/pistal.eu\/wp-content\/uploads\/2024\/09\/xlogo.png.pagespeed.ic_.1BiTicxL-j.png","contentUrl":"https:\/\/pistal.eu\/wp-content\/uploads\/2024\/09\/xlogo.png.pagespeed.ic_.1BiTicxL-j.png","width":126,"height":126,"caption":"Pistal"},"image":{"@id":"https:\/\/pistal.eu\/#\/schema\/logo\/image\/"}}]}},"_links":{"self":[{"href":"https:\/\/pistal.eu\/de-at\/wp-json\/wp\/v2\/pages\/287242","targetHints":{"allow":["GET"]}}],"collection":[{"href":"https:\/\/pistal.eu\/de-at\/wp-json\/wp\/v2\/pages"}],"about":[{"href":"https:\/\/pistal.eu\/de-at\/wp-json\/wp\/v2\/types\/page"}],"author":[{"embeddable":true,"href":"https:\/\/pistal.eu\/de-at\/wp-json\/wp\/v2\/users\/1"}],"replies":[{"embeddable":true,"href":"https:\/\/pistal.eu\/de-at\/wp-json\/wp\/v2\/comments?post=287242"}],"version-history":[{"count":7,"href":"https:\/\/pistal.eu\/de-at\/wp-json\/wp\/v2\/pages\/287242\/revisions"}],"predecessor-version":[{"id":288336,"href":"https:\/\/pistal.eu\/de-at\/wp-json\/wp\/v2\/pages\/287242\/revisions\/288336"}],"wp:attachment":[{"href":"https:\/\/pistal.eu\/de-at\/wp-json\/wp\/v2\/media?parent=287242"}],"curies":[{"name":"wp","href":"https:\/\/api.w.org\/{rel}","templated":true}]}}