{"id":287005,"date":"2024-09-06T15:55:58","date_gmt":"2024-09-06T13:55:58","guid":{"rendered":"https:\/\/pistal.eu\/die-marke\/"},"modified":"2025-12-10T09:43:19","modified_gmt":"2025-12-10T08:43:19","slug":"die-marke","status":"publish","type":"page","link":"https:\/\/pistal.eu\/de-at\/die-marke\/","title":{"rendered":"die marke"},"content":{"rendered":"<p>[et_pb_section fb_built=&#8221;1&#8243; custom_padding_last_edited=&#8221;on|tablet&#8221; _builder_version=&#8221;4.27.0&#8243; _module_preset=&#8221;default&#8221; position_origin_a=&#8221;top_center&#8221; custom_padding=&#8221;0px||2px||false|false&#8221; custom_padding_tablet=&#8221;80px||||false|false&#8221; custom_padding_phone=&#8221;80px||||false|false&#8221; global_colors_info=&#8221;{}&#8221;][et_pb_row _builder_version=&#8221;4.27.0&#8243; _module_preset=&#8221;default&#8221; width=&#8221;100%&#8221; max_width=&#8221;100%&#8221; custom_padding=&#8221;0px||3px||false|false&#8221; global_colors_info=&#8221;{}&#8221;][et_pb_column type=&#8221;4_4&#8243; _builder_version=&#8221;4.27.0&#8243; _module_preset=&#8221;default&#8221; global_colors_info=&#8221;{}&#8221;][et_pb_image src=&#8221;https:\/\/pistal.eu\/wp-content\/uploads\/2024\/10\/het-merk-Header.jpg&#8221; alt=&#8221;Modernes Wohnzimmer &#8211; umgeben von einem gr\u00fcnen Kreis, der den Schutz vor Insekten mit Pistal darstellt&#8221; src_tablet=&#8221;https:\/\/pistal.eu\/wp-content\/uploads\/2024\/10\/header-het-merk.jpg&#8221; src_phone=&#8221;https:\/\/pistal.eu\/wp-content\/uploads\/2024\/10\/PI11778_Ban_Marque_MOBILE_1500x1500.png&#8221; src_last_edited=&#8221;on|desktop&#8221; _builder_version=&#8221;4.27.4&#8243; _module_preset=&#8221;default&#8221; custom_margin=&#8221;||-5px|||&#8221; global_colors_info=&#8221;{}&#8221;][\/et_pb_image][\/et_pb_column][\/et_pb_row][\/et_pb_section][et_pb_section fb_built=&#8221;1&#8243; _builder_version=&#8221;4.27.2&#8243; _module_preset=&#8221;default&#8221; background_enable_image=&#8221;off&#8221; background_size=&#8221;contain&#8221; background_position=&#8221;center_right&#8221; background_horizontal_offset=&#8221;-1%&#8221; custom_padding=&#8221;0px||15px||false|false&#8221; global_colors_info=&#8221;{}&#8221;][et_pb_row column_structure=&#8221;1_2,1_2&#8243; custom_padding_last_edited=&#8221;on|phone&#8221; admin_label=&#8221;Ligne&#8221; _builder_version=&#8221;4.27.2&#8243; _module_preset=&#8221;default&#8221; position_origin_a=&#8221;top_center&#8221; z_index=&#8221;3&#8243; position_origin_a_tablet=&#8221;top_center&#8221; position_origin_a_phone=&#8221;top_center&#8221; position_origin_a_last_edited=&#8221;on|desktop&#8221; position_origin_f_tablet=&#8221;&#8221; position_origin_f_phone=&#8221;&#8221; position_origin_f_last_edited=&#8221;on|desktop&#8221; position_origin_r_tablet=&#8221;&#8221; position_origin_r_phone=&#8221;&#8221; position_origin_r_last_edited=&#8221;on|phone&#8221; custom_padding_tablet=&#8221;&#8221; custom_padding_phone=&#8221;||0px||false|false&#8221; positioning_tablet=&#8221;none&#8221; positioning_phone=&#8221;none&#8221; positioning_last_edited=&#8221;on|phone&#8221; global_colors_info=&#8221;{}&#8221;][et_pb_column type=&#8221;1_2&#8243; _builder_version=&#8221;4.27.0&#8243; _module_preset=&#8221;default&#8221; global_colors_info=&#8221;{}&#8221;][et_pb_text _builder_version=&#8221;4.27.4&#8243; _module_preset=&#8221;default&#8221; header_2_font=&#8221;|300||on|||||&#8221; custom_margin=&#8221;50px||||false|false&#8221; custom_margin_tablet=&#8221;50px||||false|false&#8221; custom_margin_phone=&#8221;0px||||false|false&#8221; custom_margin_last_edited=&#8221;on|phone&#8221; hover_enabled=&#8221;0&#8243; text_font_size_tablet=&#8221;&#8221; text_font_size_phone=&#8221;&#8221; text_font_size_last_edited=&#8221;on|phone&#8221; text_line_height_tablet=&#8221;1.6em&#8221; text_line_height_phone=&#8221;1.6em&#8221; text_line_height_last_edited=&#8221;on|phone&#8221; header_2_font_size_tablet=&#8221;48px&#8221; header_2_font_size_phone=&#8221;48px&#8221; header_2_font_size_last_edited=&#8221;on|phone&#8221; global_colors_info=&#8221;{}&#8221; sticky_enabled=&#8221;0&#8243;]<\/p>\n<h1>INSEKTENSCHUTZ<\/h1>\n<p>Zu Hause und drau\u00dfen stellen <a href=\"https:\/\/pistal.eu\/de-at\/wie-bettwanzen-bekampfen\/\">Bettwanzen<\/a>, Motten, Gelsen, Wespen, <a href=\"https:\/\/pistal.eu\/de-at\/skabies-oder-kraetzmilben\/\">Kr\u00e4tzmilben<\/a> und andere Insekten ein Gesundheitsrisiko dar. Ihre Bisse k\u00f6nnen allergische Reaktionen ausl\u00f6sen und Gelsen \u00fcbertragen Epidemien wie Malaria oder Denguefieber.<\/p>\n<p>Mit Pistal<span style=\"font-size: small;\"><sup>\u00ae<\/sup><\/span> m\u00f6chten wir Sie vor sch\u00e4dlichen Insekten sch\u00fctzen, die Ihre Gesundheit und die Ihrer Lieben gef\u00e4hrden k\u00f6nnen.<\/p>\n<p>[\/et_pb_text][\/et_pb_column][et_pb_column type=&#8221;1_2&#8243; _builder_version=&#8221;4.27.0&#8243; _module_preset=&#8221;default&#8221; global_colors_info=&#8221;{}&#8221;][\/et_pb_column][\/et_pb_row][et_pb_row column_structure=&#8221;1_3,2_3&#8243; disabled_on=&#8221;on|on|off&#8221; _builder_version=&#8221;4.27.2&#8243; _module_preset=&#8221;default&#8221; positioning=&#8221;absolute&#8221; position_origin_a=&#8221;top_right&#8221; custom_padding=&#8221;0px||||false|false&#8221; global_colors_info=&#8221;{}&#8221;][et_pb_column type=&#8221;1_3&#8243; _builder_version=&#8221;4.27.2&#8243; _module_preset=&#8221;default&#8221; global_colors_info=&#8221;{}&#8221;][\/et_pb_column][et_pb_column type=&#8221;2_3&#8243; _builder_version=&#8221;4.27.2&#8243; _module_preset=&#8221;default&#8221; global_colors_info=&#8221;{}&#8221;][et_pb_image src=&#8221;https:\/\/pistal.eu\/wp-content\/uploads\/2024\/10\/famille.png&#8221; alt=&#8221;Eine Person tr\u00e4gt ein Kind im Wohnzimmer huckepack und l\u00e4chelt, eine weitere Person steht dahinter&#8221; align=&#8221;right&#8221; _builder_version=&#8221;4.27.4&#8243; _module_preset=&#8221;default&#8221; width=&#8221;75%&#8221; global_colors_info=&#8221;{}&#8221;][\/et_pb_image][\/et_pb_column][\/et_pb_row][\/et_pb_section][et_pb_section fb_built=&#8221;1&#8243; custom_padding_last_edited=&#8221;on|phone&#8221; _builder_version=&#8221;4.27.2&#8243; _module_preset=&#8221;default&#8221; background_enable_image=&#8221;off&#8221; background_size=&#8221;initial&#8221; background_position=&#8221;bottom_left&#8221; background_horizontal_offset=&#8221;32%&#8221; background_vertical_offset=&#8221;100%&#8221; custom_padding=&#8221;266px||5px|||&#8221; custom_padding_tablet=&#8221;266px||5px|||&#8221; custom_padding_phone=&#8221;20px||5px||false|false&#8221; background_last_edited=&#8221;on|phone&#8221; background_horizontal_offset_phone=&#8221;21%&#8221; background_vertical_offset_phone=&#8221;10%&#8221; global_colors_info=&#8221;{}&#8221;][et_pb_row column_structure=&#8221;1_2,1_2&#8243; use_custom_gutter=&#8221;on&#8221; _builder_version=&#8221;4.27.2&#8243; _module_preset=&#8221;default&#8221; custom_padding=&#8221;0px||0px||false|false&#8221; global_colors_info=&#8221;{}&#8221;][et_pb_column type=&#8221;1_2&#8243; _builder_version=&#8221;4.27.2&#8243; _module_preset=&#8221;default&#8221; background_enable_image=&#8221;off&#8221; background_size=&#8221;contain&#8221; background_position=&#8221;bottom_right&#8221; background_horizontal_offset=&#8221;42%&#8221; background_vertical_offset=&#8221;-50%&#8221; global_colors_info=&#8221;{}&#8221;][et_pb_image src=&#8221;https:\/\/pistal.eu\/wp-content\/uploads\/2024\/10\/date.png&#8221; alt=&#8221;Mutter und Vater stehen mit ihren beiden Kindern auf einer Wiese und blicken in die Ferne&#8221; _builder_version=&#8221;4.27.4&#8243; _module_preset=&#8221;default&#8221; background_enable_color=&#8221;off&#8221; background_image=&#8221;https:\/\/pistal.eu\/wp-content\/uploads\/2024\/09\/circel.png&#8221; background_size=&#8221;custom&#8221; background_image_width=&#8221;63%&#8221; background_position=&#8221;bottom_right&#8221; transform_scale_tablet=&#8221;&#8221; transform_scale_phone=&#8221;&#8221; transform_scale_last_edited=&#8221;on|phone&#8221; transform_translate=&#8221;0px|-132px&#8221; transform_translate_tablet=&#8221;0px|-132px&#8221; transform_translate_phone=&#8221;0px|-31px&#8221; transform_translate_last_edited=&#8221;on|phone&#8221; transform_translate_linked=&#8221;off&#8221; transform_rotate_tablet=&#8221;&#8221; transform_rotate_phone=&#8221;&#8221; transform_rotate_last_edited=&#8221;on|phone&#8221; transform_skew_tablet=&#8221;&#8221; transform_skew_phone=&#8221;&#8221; transform_skew_last_edited=&#8221;on|phone&#8221; transform_origin_tablet=&#8221;&#8221; transform_origin_phone=&#8221;&#8221; transform_origin_last_edited=&#8221;on|phone&#8221; transform_styles_last_edited=&#8221;on|phone&#8221; position_origin_a=&#8221;top_center&#8221; width_tablet=&#8221;&#8221; width_phone=&#8221;77%&#8221; width_last_edited=&#8221;on|phone&#8221; transform_styles_tablet=&#8221;&#8221; transform_styles_phone=&#8221;&#8221; module_alignment_tablet=&#8221;&#8221; module_alignment_phone=&#8221;center&#8221; module_alignment_last_edited=&#8221;on|phone&#8221; global_colors_info=&#8221;{}&#8221;][\/et_pb_image][\/et_pb_column][et_pb_column type=&#8221;1_2&#8243; _builder_version=&#8221;4.27.0&#8243; _module_preset=&#8221;default&#8221; global_colors_info=&#8221;{}&#8221;][et_pb_text _builder_version=&#8221;4.27.4&#8243; _module_preset=&#8221;default&#8221; header_2_font=&#8221;|||on|||||&#8221; z_index=&#8221;247&#8243; text_font_size_tablet=&#8221;&#8221; text_font_size_phone=&#8221;&#8221; text_font_size_last_edited=&#8221;on|phone&#8221; text_line_height_tablet=&#8221;&#8221; text_line_height_phone=&#8221;&#8221; text_line_height_last_edited=&#8221;on|phone&#8221; header_2_font_size_tablet=&#8221;&#8221; header_2_font_size_phone=&#8221;&#8221; header_2_font_size_last_edited=&#8221;on|phone&#8221; header_2_line_height_tablet=&#8221;&#8221; header_2_line_height_phone=&#8221;&#8221; header_2_line_height_last_edited=&#8221;on|phone&#8221; global_colors_info=&#8221;{}&#8221;]<\/p>\n<h2>SEIT 1988<\/h2>\n<p>&nbsp;<\/p>\n<p>Die Geschichte von Pistal<span style=\"font-size: small;\"><sup>\u00ae<\/sup><\/span> begann 1988 mit einem ersten Produkt, das alle sch\u00e4dlichen Insekten zu Hause und an anderen Orten des Lebens beseitigen sollte.<\/p>\n<p>[\/et_pb_text][\/et_pb_column][\/et_pb_row][\/et_pb_section][et_pb_section fb_built=&#8221;1&#8243; custom_padding_last_edited=&#8221;on|phone&#8221; _builder_version=&#8221;4.27.2&#8243; _module_preset=&#8221;default&#8221; custom_padding=&#8221;11px||15px|||&#8221; custom_padding_tablet=&#8221;11px||15px|||&#8221; custom_padding_phone=&#8221;||50px||false|false&#8221; global_colors_info=&#8221;{}&#8221;][et_pb_row column_structure=&#8221;1_2,1_2&#8243; _builder_version=&#8221;4.27.2&#8243; _module_preset=&#8221;default&#8221; custom_padding=&#8221;11px||13px|||&#8221; global_colors_info=&#8221;{}&#8221;][et_pb_column type=&#8221;1_2&#8243; _builder_version=&#8221;4.27.2&#8243; _module_preset=&#8221;default&#8221; global_colors_info=&#8221;{}&#8221;][et_pb_image src=&#8221;https:\/\/pistal.eu\/wp-content\/uploads\/2024\/10\/herbes.png&#8221; disabled_on=&#8221;off|off|on&#8221; _builder_version=&#8221;4.27.2&#8243; _module_preset=&#8221;default&#8221; transform_scale_tablet=&#8221;&#8221; transform_scale_phone=&#8221;&#8221; transform_scale_last_edited=&#8221;on|phone&#8221; transform_translate=&#8221;0px|-139px&#8221; transform_translate_tablet=&#8221;0px|-139px&#8221; transform_translate_phone=&#8221;0px|1px&#8221; transform_translate_last_edited=&#8221;on|phone&#8221; transform_translate_linked=&#8221;off&#8221; transform_rotate_tablet=&#8221;&#8221; transform_rotate_phone=&#8221;&#8221; transform_rotate_last_edited=&#8221;on|phone&#8221; transform_skew_tablet=&#8221;&#8221; transform_skew_phone=&#8221;&#8221; transform_skew_last_edited=&#8221;on|phone&#8221; transform_origin_tablet=&#8221;&#8221; transform_origin_phone=&#8221;&#8221; transform_origin_last_edited=&#8221;on|phone&#8221; transform_styles_last_edited=&#8221;on|phone&#8221; width_tablet=&#8221;&#8221; width_phone=&#8221;76%&#8221; width_last_edited=&#8221;on|phone&#8221; transform_styles_tablet=&#8221;&#8221; transform_styles_phone=&#8221;&#8221; module_alignment_tablet=&#8221;&#8221; module_alignment_phone=&#8221;center&#8221; module_alignment_last_edited=&#8221;on|phone&#8221; global_colors_info=&#8221;{}&#8221;][\/et_pb_image][et_pb_text _builder_version=&#8221;4.27.4&#8243; _module_preset=&#8221;default&#8221; header_2_font=&#8221;|||on|||||&#8221; text_font_size_tablet=&#8221;&#8221; text_font_size_phone=&#8221;&#8221; text_font_size_last_edited=&#8221;on|phone&#8221; header_2_font_size_tablet=&#8221;&#8221; header_2_font_size_phone=&#8221;&#8221; header_2_font_size_last_edited=&#8221;on|phone&#8221; header_2_line_height_tablet=&#8221;&#8221; header_2_line_height_phone=&#8221;&#8221; header_2_line_height_last_edited=&#8221;on|phone&#8221; global_colors_info=&#8221;{}&#8221;]<\/p>\n<h2>PFLANZLICHE L\u00d6SUNGEN<\/h2>\n<p>Mit Pistal<span style=\"font-size: small;\"><sup>\u00ae<\/sup><\/span> waren wir die Ersten weltweit, die ein pflanzliches Insektizid angeboten haben. Unsere Produkte bestehen aus 100 % Pflanzenbasis (Pyrethrum-Extrakt aus der Chrysantheme), aber ihre Wirksamkeit steht synthetischen Insektiziden um nichts nach.<\/p>\n<p>[\/et_pb_text][\/et_pb_column][et_pb_column type=&#8221;1_2&#8243; _builder_version=&#8221;4.27.2&#8243; _module_preset=&#8221;default&#8221; global_colors_info=&#8221;{}&#8221;][et_pb_image src=&#8221;https:\/\/pistal.eu\/wp-content\/uploads\/2024\/10\/herbes.png&#8221; alt=&#8221;Person im wei\u00dfen Laborkittel h\u00e4lt M\u00f6rser und St\u00f6\u00dfel; auf dem Tisch stehen Laborgef\u00e4\u00dfe&#8221; disabled_on=&#8221;on|on|off&#8221; _builder_version=&#8221;4.27.4&#8243; _module_preset=&#8221;default&#8221; transform_scale_tablet=&#8221;&#8221; transform_scale_phone=&#8221;&#8221; transform_scale_last_edited=&#8221;on|phone&#8221; transform_translate=&#8221;0px|-139px&#8221; transform_translate_tablet=&#8221;0px|-139px&#8221; transform_translate_phone=&#8221;0px|25px&#8221; transform_translate_last_edited=&#8221;on|phone&#8221; transform_translate_linked=&#8221;off&#8221; transform_rotate_tablet=&#8221;&#8221; transform_rotate_phone=&#8221;&#8221; transform_rotate_last_edited=&#8221;on|phone&#8221; transform_skew_tablet=&#8221;&#8221; transform_skew_phone=&#8221;&#8221; transform_skew_last_edited=&#8221;on|phone&#8221; transform_origin_tablet=&#8221;&#8221; transform_origin_phone=&#8221;&#8221; transform_origin_last_edited=&#8221;on|phone&#8221; transform_styles_last_edited=&#8221;on|phone&#8221; width_tablet=&#8221;&#8221; width_phone=&#8221;71%&#8221; width_last_edited=&#8221;on|phone&#8221; transform_styles_tablet=&#8221;&#8221; transform_styles_phone=&#8221;&#8221; module_alignment_tablet=&#8221;&#8221; module_alignment_phone=&#8221;center&#8221; module_alignment_last_edited=&#8221;on|phone&#8221; global_colors_info=&#8221;{}&#8221;][\/et_pb_image][\/et_pb_column][\/et_pb_row][et_pb_row _builder_version=&#8221;4.27.4&#8243; _module_preset=&#8221;default&#8221; global_colors_info=&#8221;{}&#8221;][et_pb_column type=&#8221;4_4&#8243; _builder_version=&#8221;4.27.4&#8243; _module_preset=&#8221;default&#8221; global_colors_info=&#8221;{}&#8221;][et_pb_text _builder_version=&#8221;4.27.4&#8243; _module_preset=&#8221;default&#8221; text_font_size=&#8221;16px&#8221; custom_margin=&#8221;||40px||false|false&#8221; text_font_size_tablet=&#8221;16px&#8221; text_font_size_phone=&#8221;13px&#8221; text_font_size_last_edited=&#8221;on|phone&#8221; global_colors_info=&#8221;{}&#8221;]Bitte beachten: Wie bei allen Bioziden, nicht in der Umgebung von Jungtieren, Katzen, V\u00f6geln und Reptilien verwenden! Biozidprodukte vorsichtig verwenden. Vor Gebrauch stets Etikett und Produktinformationen lesen.<br \/>\n* Wirkstoff: 100 % pflanzenbasierter Pyrethrum-Extrakt aus der Chrysanthemenbl\u00fcte<br \/>\n1 Quelle: Efficacy of an aerosol product upon direct Spray treatment, C. Linn. 28-04-2017.[\/et_pb_text][\/et_pb_column][\/et_pb_row][\/et_pb_section]<\/p>\n","protected":false},"excerpt":{"rendered":"<p>INSEKTENSCHUTZ Zu Hause und drau\u00dfen stellen Bettwanzen, Motten, Gelsen, Wespen, Kr\u00e4tzmilben und andere Insekten ein Gesundheitsrisiko dar. Ihre Bisse k\u00f6nnen allergische Reaktionen ausl\u00f6sen und Gelsen \u00fcbertragen Epidemien wie Malaria oder Denguefieber. Mit Pistal\u00ae m\u00f6chten wir Sie vor sch\u00e4dlichen Insekten sch\u00fctzen, die Ihre Gesundheit und die Ihrer Lieben gef\u00e4hrden k\u00f6nnen.SEIT 1988 &nbsp; Die Geschichte von Pistal\u00ae [&hellip;]<\/p>\n","protected":false},"author":1,"featured_media":286581,"parent":0,"menu_order":0,"comment_status":"closed","ping_status":"closed","template":"","meta":{"_et_pb_use_builder":"on","_et_pb_old_content":"","_et_gb_content_width":"","footnotes":""},"class_list":["post-287005","page","type-page","status-publish","has-post-thumbnail","hentry"],"yoast_head":"<!-- This site is optimized with the Yoast SEO plugin v27.4 - https:\/\/yoast.com\/product\/yoast-seo-wordpress\/ -->\n<title>PISTAL\u00ae - Marke<\/title>\n<meta name=\"description\" content=\"Pistal\u00ae ist eine belgische Marke, mit Produkten zur Insektenbek\u00e4mpfung mit 100 % pflanzenbasiertem Wirkstoff.\" \/>\n<meta name=\"robots\" content=\"index, follow, max-snippet:-1, max-image-preview:large, max-video-preview:-1\" \/>\n<link rel=\"canonical\" href=\"https:\/\/pistal.eu\/de-at\/die-marke\/\" \/>\n<meta property=\"og:locale\" content=\"de_DE\" \/>\n<meta property=\"og:type\" content=\"article\" \/>\n<meta property=\"og:title\" content=\"PISTAL\u00ae - Marke\" \/>\n<meta property=\"og:description\" content=\"Pistal\u00ae ist eine belgische Marke, mit Produkten zur Insektenbek\u00e4mpfung mit 100 % pflanzenbasiertem Wirkstoff.\" \/>\n<meta property=\"og:url\" content=\"https:\/\/pistal.eu\/de-at\/die-marke\/\" \/>\n<meta property=\"og:site_name\" content=\"Pistal\" \/>\n<meta property=\"article:modified_time\" content=\"2025-12-10T08:43:19+00:00\" \/>\n<meta property=\"og:image\" content=\"https:\/\/pistal.eu\/wp-content\/uploads\/2025\/03\/Preview-la-marque.png\" \/>\n\t<meta property=\"og:image:width\" content=\"1200\" \/>\n\t<meta property=\"og:image:height\" content=\"630\" \/>\n\t<meta property=\"og:image:type\" content=\"image\/png\" \/>\n<meta name=\"twitter:card\" content=\"summary_large_image\" \/>\n<meta name=\"twitter:label1\" content=\"Est. reading time\" \/>\n\t<meta name=\"twitter:data1\" content=\"3 minutes\" \/>\n<script type=\"application\/ld+json\" class=\"yoast-schema-graph\">{\"@context\":\"https:\\\/\\\/schema.org\",\"@graph\":[{\"@type\":\"WebPage\",\"@id\":\"https:\\\/\\\/pistal.eu\\\/de-at\\\/die-marke\\\/\",\"url\":\"https:\\\/\\\/pistal.eu\\\/de-at\\\/die-marke\\\/\",\"name\":\"PISTAL\u00ae - Marke\",\"isPartOf\":{\"@id\":\"https:\\\/\\\/pistal.eu\\\/#website\"},\"primaryImageOfPage\":{\"@id\":\"https:\\\/\\\/pistal.eu\\\/de-at\\\/die-marke\\\/#primaryimage\"},\"image\":{\"@id\":\"https:\\\/\\\/pistal.eu\\\/de-at\\\/die-marke\\\/#primaryimage\"},\"thumbnailUrl\":\"https:\\\/\\\/pistal.eu\\\/wp-content\\\/uploads\\\/2025\\\/03\\\/Preview-la-marque.png\",\"datePublished\":\"2024-09-06T13:55:58+00:00\",\"dateModified\":\"2025-12-10T08:43:19+00:00\",\"description\":\"Pistal\u00ae ist eine belgische Marke, mit Produkten zur Insektenbek\u00e4mpfung mit 100 % pflanzenbasiertem Wirkstoff.\",\"breadcrumb\":{\"@id\":\"https:\\\/\\\/pistal.eu\\\/de-at\\\/die-marke\\\/#breadcrumb\"},\"inLanguage\":\"de-AT\",\"potentialAction\":[{\"@type\":\"ReadAction\",\"target\":[\"https:\\\/\\\/pistal.eu\\\/de-at\\\/die-marke\\\/\"]}]},{\"@type\":\"ImageObject\",\"inLanguage\":\"de-AT\",\"@id\":\"https:\\\/\\\/pistal.eu\\\/de-at\\\/die-marke\\\/#primaryimage\",\"url\":\"https:\\\/\\\/pistal.eu\\\/wp-content\\\/uploads\\\/2025\\\/03\\\/Preview-la-marque.png\",\"contentUrl\":\"https:\\\/\\\/pistal.eu\\\/wp-content\\\/uploads\\\/2025\\\/03\\\/Preview-la-marque.png\",\"width\":1200,\"height\":630},{\"@type\":\"BreadcrumbList\",\"@id\":\"https:\\\/\\\/pistal.eu\\\/de-at\\\/die-marke\\\/#breadcrumb\",\"itemListElement\":[{\"@type\":\"ListItem\",\"position\":1,\"name\":\"Accueil\",\"item\":\"https:\\\/\\\/pistal.eu\\\/de-at\\\/\"},{\"@type\":\"ListItem\",\"position\":2,\"name\":\"die marke\"}]},{\"@type\":\"WebSite\",\"@id\":\"https:\\\/\\\/pistal.eu\\\/#website\",\"url\":\"https:\\\/\\\/pistal.eu\\\/\",\"name\":\"Pistal\",\"description\":\"De oplossing tegen insecten en luchtvervuiling binnenshuis op basis van natuurlijke ingredi\u00ebnten\",\"publisher\":{\"@id\":\"https:\\\/\\\/pistal.eu\\\/#organization\"},\"potentialAction\":[{\"@type\":\"SearchAction\",\"target\":{\"@type\":\"EntryPoint\",\"urlTemplate\":\"https:\\\/\\\/pistal.eu\\\/?s={search_term_string}\"},\"query-input\":{\"@type\":\"PropertyValueSpecification\",\"valueRequired\":true,\"valueName\":\"search_term_string\"}}],\"inLanguage\":\"de-AT\"},{\"@type\":\"Organization\",\"@id\":\"https:\\\/\\\/pistal.eu\\\/#organization\",\"name\":\"Pistal\",\"url\":\"https:\\\/\\\/pistal.eu\\\/\",\"logo\":{\"@type\":\"ImageObject\",\"inLanguage\":\"de-AT\",\"@id\":\"https:\\\/\\\/pistal.eu\\\/#\\\/schema\\\/logo\\\/image\\\/\",\"url\":\"https:\\\/\\\/pistal.eu\\\/wp-content\\\/uploads\\\/2024\\\/09\\\/xlogo.png.pagespeed.ic_.1BiTicxL-j.png\",\"contentUrl\":\"https:\\\/\\\/pistal.eu\\\/wp-content\\\/uploads\\\/2024\\\/09\\\/xlogo.png.pagespeed.ic_.1BiTicxL-j.png\",\"width\":126,\"height\":126,\"caption\":\"Pistal\"},\"image\":{\"@id\":\"https:\\\/\\\/pistal.eu\\\/#\\\/schema\\\/logo\\\/image\\\/\"}}]}<\/script>\n<!-- \/ Yoast SEO plugin. -->","yoast_head_json":{"title":"PISTAL\u00ae - Marke","description":"Pistal\u00ae ist eine belgische Marke, mit Produkten zur Insektenbek\u00e4mpfung mit 100 % pflanzenbasiertem Wirkstoff.","robots":{"index":"index","follow":"follow","max-snippet":"max-snippet:-1","max-image-preview":"max-image-preview:large","max-video-preview":"max-video-preview:-1"},"canonical":"https:\/\/pistal.eu\/de-at\/die-marke\/","og_locale":"de_DE","og_type":"article","og_title":"PISTAL\u00ae - Marke","og_description":"Pistal\u00ae ist eine belgische Marke, mit Produkten zur Insektenbek\u00e4mpfung mit 100 % pflanzenbasiertem Wirkstoff.","og_url":"https:\/\/pistal.eu\/de-at\/die-marke\/","og_site_name":"Pistal","article_modified_time":"2025-12-10T08:43:19+00:00","og_image":[{"width":1200,"height":630,"url":"https:\/\/pistal.eu\/wp-content\/uploads\/2025\/03\/Preview-la-marque.png","type":"image\/png"}],"twitter_card":"summary_large_image","twitter_misc":{"Est. reading time":"3 minutes"},"schema":{"@context":"https:\/\/schema.org","@graph":[{"@type":"WebPage","@id":"https:\/\/pistal.eu\/de-at\/die-marke\/","url":"https:\/\/pistal.eu\/de-at\/die-marke\/","name":"PISTAL\u00ae - Marke","isPartOf":{"@id":"https:\/\/pistal.eu\/#website"},"primaryImageOfPage":{"@id":"https:\/\/pistal.eu\/de-at\/die-marke\/#primaryimage"},"image":{"@id":"https:\/\/pistal.eu\/de-at\/die-marke\/#primaryimage"},"thumbnailUrl":"https:\/\/pistal.eu\/wp-content\/uploads\/2025\/03\/Preview-la-marque.png","datePublished":"2024-09-06T13:55:58+00:00","dateModified":"2025-12-10T08:43:19+00:00","description":"Pistal\u00ae ist eine belgische Marke, mit Produkten zur Insektenbek\u00e4mpfung mit 100 % pflanzenbasiertem Wirkstoff.","breadcrumb":{"@id":"https:\/\/pistal.eu\/de-at\/die-marke\/#breadcrumb"},"inLanguage":"de-AT","potentialAction":[{"@type":"ReadAction","target":["https:\/\/pistal.eu\/de-at\/die-marke\/"]}]},{"@type":"ImageObject","inLanguage":"de-AT","@id":"https:\/\/pistal.eu\/de-at\/die-marke\/#primaryimage","url":"https:\/\/pistal.eu\/wp-content\/uploads\/2025\/03\/Preview-la-marque.png","contentUrl":"https:\/\/pistal.eu\/wp-content\/uploads\/2025\/03\/Preview-la-marque.png","width":1200,"height":630},{"@type":"BreadcrumbList","@id":"https:\/\/pistal.eu\/de-at\/die-marke\/#breadcrumb","itemListElement":[{"@type":"ListItem","position":1,"name":"Accueil","item":"https:\/\/pistal.eu\/de-at\/"},{"@type":"ListItem","position":2,"name":"die marke"}]},{"@type":"WebSite","@id":"https:\/\/pistal.eu\/#website","url":"https:\/\/pistal.eu\/","name":"Pistal","description":"De oplossing tegen insecten en luchtvervuiling binnenshuis op basis van natuurlijke ingredi\u00ebnten","publisher":{"@id":"https:\/\/pistal.eu\/#organization"},"potentialAction":[{"@type":"SearchAction","target":{"@type":"EntryPoint","urlTemplate":"https:\/\/pistal.eu\/?s={search_term_string}"},"query-input":{"@type":"PropertyValueSpecification","valueRequired":true,"valueName":"search_term_string"}}],"inLanguage":"de-AT"},{"@type":"Organization","@id":"https:\/\/pistal.eu\/#organization","name":"Pistal","url":"https:\/\/pistal.eu\/","logo":{"@type":"ImageObject","inLanguage":"de-AT","@id":"https:\/\/pistal.eu\/#\/schema\/logo\/image\/","url":"https:\/\/pistal.eu\/wp-content\/uploads\/2024\/09\/xlogo.png.pagespeed.ic_.1BiTicxL-j.png","contentUrl":"https:\/\/pistal.eu\/wp-content\/uploads\/2024\/09\/xlogo.png.pagespeed.ic_.1BiTicxL-j.png","width":126,"height":126,"caption":"Pistal"},"image":{"@id":"https:\/\/pistal.eu\/#\/schema\/logo\/image\/"}}]}},"_links":{"self":[{"href":"https:\/\/pistal.eu\/de-at\/wp-json\/wp\/v2\/pages\/287005","targetHints":{"allow":["GET"]}}],"collection":[{"href":"https:\/\/pistal.eu\/de-at\/wp-json\/wp\/v2\/pages"}],"about":[{"href":"https:\/\/pistal.eu\/de-at\/wp-json\/wp\/v2\/types\/page"}],"author":[{"embeddable":true,"href":"https:\/\/pistal.eu\/de-at\/wp-json\/wp\/v2\/users\/1"}],"replies":[{"embeddable":true,"href":"https:\/\/pistal.eu\/de-at\/wp-json\/wp\/v2\/comments?post=287005"}],"version-history":[{"count":14,"href":"https:\/\/pistal.eu\/de-at\/wp-json\/wp\/v2\/pages\/287005\/revisions"}],"predecessor-version":[{"id":288672,"href":"https:\/\/pistal.eu\/de-at\/wp-json\/wp\/v2\/pages\/287005\/revisions\/288672"}],"wp:featuredmedia":[{"embeddable":true,"href":"https:\/\/pistal.eu\/de-at\/wp-json\/wp\/v2\/media\/286581"}],"wp:attachment":[{"href":"https:\/\/pistal.eu\/de-at\/wp-json\/wp\/v2\/media?parent=287005"}],"curies":[{"name":"wp","href":"https:\/\/api.w.org\/{rel}","templated":true}]}}